{"id":6987,"date":"2023-07-12T14:03:01","date_gmt":"2023-07-12T12:03:01","guid":{"rendered":"https:\/\/ilvinovero.it\/?post_type=product&#038;p=6987"},"modified":"2026-01-26T15:58:33","modified_gmt":"2026-01-26T14:58:33","slug":"les-mechalots-2020","status":"publish","type":"product","link":"https:\/\/ilvinovero.it\/en\/enoteca\/les-mechalots-2020\/","title":{"rendered":"Les Mechalots 2023"},"content":{"rendered":"<p>Les Mechalots 2023: Chardonnay proveniente dall&#8217; appezzamento En M\u00e9chalot, dell&#8217; appelation Marsannay. Pigiatura diretta e manuale per 5-6 ore, a grappolo intero in antichissimo torchio verticale. Fermentazione spontanea, affinamento 18 mesi in barrique sui lieviti, 15% barrique nuove, assemblaggio 1 mese in vasca, leggera filtrazione a fine vasca. Solo 1 grammo di solforosa all&#8217; imbottigliamento. Superbo vino bianco, elegante, gustoso e vivace. Gi\u00e0 interessante ora, il tempo lo render\u00e0 ancora pi\u00f9 complesso.<\/p>\n<p>Siamo in Borgogna, precisamente nell\u2019AOC Marsannay, dove Sylvain Pataille , un vignaiolo sempre pi\u00f9 alla ribalta, conduce in biodinamica circa 13 ettari. Produce vini biodinamici, in cui la standardizzazione\u00a0 viene completamente allontanata a favore di un prodotto in grado di esprimere al meglio la potenza del terroir che lo produce. Utilizza tecniche di coltivazione biodinamiche, naturali e biologiche.<br \/>\nPrincipalmente vengono coltivate le storiche variet\u00e0 della Borgogna, ovvero Pinot Noir e Chardonnay, affiancati da una interessantissima produzione di Aligot\u00e8. In cantina Sylvain Pataille lavora all\u2019antica cercando come base di utilizzare meno energia possibile, elettrica in modo particolare. La pressatura per bianchi e rossi avviene in grandi torchi verticali manuali, fermentazioni spontanee senza solforosa aggiunta.<\/p>\n<p><a href=\"https:\/\/www.ilvinovero.it\/i-produttori\/pataille-sylvain\/\">https:\/\/www.ilvinovero.it\/i-produttori\/pataille-sylvain\/<\/a><\/p>\n<p><a href=\"https:\/\/www.instagram.com\/ilvinovero\/\">https:\/\/www.instagram.com\/ilvinovero\/<\/a><\/p>\n","protected":false},"excerpt":{"rendered":"<p><em><strong>Tipologia<\/strong><\/em> Bianco<br \/>\n<strong><em>Zona<\/em><\/strong>\u00a0Borgogna<br \/>\n<em><strong>Comune<\/strong><\/em> Marsannay<br \/>\n<em><strong>Terreno<\/strong><\/em> Argilloso-calcareo<br \/>\n<em><strong>Vitigno<\/strong><\/em> Chardonnay<br \/>\n<em><strong>Lieviti<\/strong><\/em> Indigeni<br \/>\n<em><strong>Affinamento\u00a0<\/strong><\/em>Acciaio e barrique<br \/>\n<em><strong>Grado alcolico<\/strong><\/em> 12,5%<br \/>\n<em><strong>Formato<\/strong><\/em> 0,75l<br \/>\nContiene solfiti &#8211; Prodotto in Francia<br \/>\nL&#8217;immagine \u00e8 puramente indicativa e potrebbe non rispecchiare appieno le caratteristiche del prodotto<\/p>\n","protected":false},"featured_media":8870,"comment_status":"open","ping_status":"closed","template":"","meta":[],"product_cat":[62],"product_tag":[1079,482,129,496,986,860,859,66,985,273],"class_list":{"0":"post-6987","1":"product","2":"type-product","3":"status-publish","4":"has-post-thumbnail","6":"product_brand-pataille-sylvain","7":"product_vitigni-chardonnay","8":"product_cat-vino-bianco","9":"product_tag-1079","10":"product_tag-borgogna","11":"product_tag-chardonnay","12":"product_tag-domaine","13":"product_tag-les-mechalots","14":"product_tag-marsannay","15":"product_tag-pataille","16":"product_tag-vino-2","17":"product_tag-vino-bianco","18":"product_tag-vino-naturale","20":"first","21":"instock","22":"taxable","23":"shipping-taxable","24":"purchasable","25":"product-type-simple"},"yoast_head":"<!-- This site is optimized with the Yoast SEO plugin v27.3 - https:\/\/yoast.com\/product\/yoast-seo-wordpress\/ -->\n<title>Les Mechalots 2023 Pataille Sylvain<\/title>\n<meta name=\"description\" content=\"Les Mechalots 2023: Bianco, Zona\u00a0Borgogna, Marsannay, Vitigno Chardonnay, Lieviti Indigeni, Affinamento\u00a0Acciaio e barrique, Grado alcolico 12,5%.\" \/>\n<meta name=\"robots\" content=\"index, follow, max-snippet:-1, max-image-preview:large, max-video-preview:-1\" \/>\n<link rel=\"canonical\" href=\"https:\/\/ilvinovero.it\/enoteca\/les-mechalots-2020\/\" \/>\n<meta property=\"og:locale\" content=\"en_US\" \/>\n<meta property=\"og:type\" content=\"article\" \/>\n<meta property=\"og:title\" content=\"Les Mechalots 2023 Pataille Sylvain\" \/>\n<meta property=\"og:description\" content=\"Les Mechalots 2023: Bianco, Zona\u00a0Borgogna, Marsannay, Vitigno Chardonnay, Lieviti Indigeni, Affinamento\u00a0Acciaio e barrique, Grado alcolico 12,5%.\" \/>\n<meta property=\"og:url\" content=\"https:\/\/ilvinovero.it\/enoteca\/les-mechalots-2020\/\" \/>\n<meta property=\"og:site_name\" content=\"Il Vino Vero\" \/>\n<meta property=\"article:modified_time\" content=\"2026-01-26T14:58:33+00:00\" \/>\n<meta property=\"og:image\" content=\"https:\/\/ilvinovero.it\/wp-content\/uploads\/2026\/01\/Pataille-Les-mechalots.jpg\" \/>\n\t<meta property=\"og:image:width\" content=\"800\" \/>\n\t<meta property=\"og:image:height\" content=\"800\" \/>\n\t<meta property=\"og:image:type\" content=\"image\/jpeg\" \/>\n<meta name=\"twitter:card\" content=\"summary_large_image\" \/>\n<meta name=\"twitter:label1\" content=\"Est. reading time\" \/>\n\t<meta name=\"twitter:data1\" content=\"2 minutes\" \/>\n<script type=\"application\/ld+json\" class=\"yoast-schema-graph\">{\"@context\":\"https:\\\/\\\/schema.org\",\"@graph\":[{\"@type\":\"WebPage\",\"@id\":\"https:\\\/\\\/ilvinovero.it\\\/enoteca\\\/les-mechalots-2020\\\/\",\"url\":\"https:\\\/\\\/ilvinovero.it\\\/enoteca\\\/les-mechalots-2020\\\/\",\"name\":\"Les Mechalots 2023 Pataille Sylvain\",\"isPartOf\":{\"@id\":\"https:\\\/\\\/ilvinovero.it\\\/#website\"},\"primaryImageOfPage\":{\"@id\":\"https:\\\/\\\/ilvinovero.it\\\/enoteca\\\/les-mechalots-2020\\\/#primaryimage\"},\"image\":{\"@id\":\"https:\\\/\\\/ilvinovero.it\\\/enoteca\\\/les-mechalots-2020\\\/#primaryimage\"},\"thumbnailUrl\":\"https:\\\/\\\/ilvinovero.it\\\/wp-content\\\/uploads\\\/2026\\\/01\\\/Pataille-Les-mechalots.jpg\",\"datePublished\":\"2023-07-12T12:03:01+00:00\",\"dateModified\":\"2026-01-26T14:58:33+00:00\",\"description\":\"Les Mechalots 2023: Bianco, Zona\u00a0Borgogna, Marsannay, Vitigno Chardonnay, Lieviti Indigeni, Affinamento\u00a0Acciaio e barrique, Grado alcolico 12,5%.\",\"breadcrumb\":{\"@id\":\"https:\\\/\\\/ilvinovero.it\\\/enoteca\\\/les-mechalots-2020\\\/#breadcrumb\"},\"inLanguage\":\"en-US\",\"potentialAction\":[{\"@type\":\"ReadAction\",\"target\":[\"https:\\\/\\\/ilvinovero.it\\\/enoteca\\\/les-mechalots-2020\\\/\"]}]},{\"@type\":\"ImageObject\",\"inLanguage\":\"en-US\",\"@id\":\"https:\\\/\\\/ilvinovero.it\\\/enoteca\\\/les-mechalots-2020\\\/#primaryimage\",\"url\":\"https:\\\/\\\/ilvinovero.it\\\/wp-content\\\/uploads\\\/2026\\\/01\\\/Pataille-Les-mechalots.jpg\",\"contentUrl\":\"https:\\\/\\\/ilvinovero.it\\\/wp-content\\\/uploads\\\/2026\\\/01\\\/Pataille-Les-mechalots.jpg\",\"width\":800,\"height\":800},{\"@type\":\"BreadcrumbList\",\"@id\":\"https:\\\/\\\/ilvinovero.it\\\/enoteca\\\/les-mechalots-2020\\\/#breadcrumb\",\"itemListElement\":[{\"@type\":\"ListItem\",\"position\":1,\"name\":\"Home\",\"item\":\"https:\\\/\\\/ilvinovero.it\\\/en\\\/\"},{\"@type\":\"ListItem\",\"position\":2,\"name\":\"Shop\",\"item\":\"https:\\\/\\\/ilvinovero.it\\\/en\\\/the-shop\\\/\"},{\"@type\":\"ListItem\",\"position\":3,\"name\":\"Les Mechalots 2023\"}]},{\"@type\":\"WebSite\",\"@id\":\"https:\\\/\\\/ilvinovero.it\\\/#website\",\"url\":\"https:\\\/\\\/ilvinovero.it\\\/\",\"name\":\"Il Vino Vero\",\"description\":\"Qualit&agrave; e gusto\",\"potentialAction\":[{\"@type\":\"SearchAction\",\"target\":{\"@type\":\"EntryPoint\",\"urlTemplate\":\"https:\\\/\\\/ilvinovero.it\\\/?s={search_term_string}\"},\"query-input\":{\"@type\":\"PropertyValueSpecification\",\"valueRequired\":true,\"valueName\":\"search_term_string\"}}],\"inLanguage\":\"en-US\"}]}<\/script>\n<!-- \/ Yoast SEO plugin. -->","yoast_head_json":{"title":"Les Mechalots 2023 Pataille Sylvain","description":"Les Mechalots 2023: Bianco, Zona\u00a0Borgogna, Marsannay, Vitigno Chardonnay, Lieviti Indigeni, Affinamento\u00a0Acciaio e barrique, Grado alcolico 12,5%.","robots":{"index":"index","follow":"follow","max-snippet":"max-snippet:-1","max-image-preview":"max-image-preview:large","max-video-preview":"max-video-preview:-1"},"canonical":"https:\/\/ilvinovero.it\/enoteca\/les-mechalots-2020\/","og_locale":"en_US","og_type":"article","og_title":"Les Mechalots 2023 Pataille Sylvain","og_description":"Les Mechalots 2023: Bianco, Zona\u00a0Borgogna, Marsannay, Vitigno Chardonnay, Lieviti Indigeni, Affinamento\u00a0Acciaio e barrique, Grado alcolico 12,5%.","og_url":"https:\/\/ilvinovero.it\/enoteca\/les-mechalots-2020\/","og_site_name":"Il Vino Vero","article_modified_time":"2026-01-26T14:58:33+00:00","og_image":[{"width":800,"height":800,"url":"https:\/\/ilvinovero.it\/wp-content\/uploads\/2026\/01\/Pataille-Les-mechalots.jpg","type":"image\/jpeg"}],"twitter_card":"summary_large_image","twitter_misc":{"Est. reading time":"2 minutes"},"schema":{"@context":"https:\/\/schema.org","@graph":[{"@type":"WebPage","@id":"https:\/\/ilvinovero.it\/enoteca\/les-mechalots-2020\/","url":"https:\/\/ilvinovero.it\/enoteca\/les-mechalots-2020\/","name":"Les Mechalots 2023 Pataille Sylvain","isPartOf":{"@id":"https:\/\/ilvinovero.it\/#website"},"primaryImageOfPage":{"@id":"https:\/\/ilvinovero.it\/enoteca\/les-mechalots-2020\/#primaryimage"},"image":{"@id":"https:\/\/ilvinovero.it\/enoteca\/les-mechalots-2020\/#primaryimage"},"thumbnailUrl":"https:\/\/ilvinovero.it\/wp-content\/uploads\/2026\/01\/Pataille-Les-mechalots.jpg","datePublished":"2023-07-12T12:03:01+00:00","dateModified":"2026-01-26T14:58:33+00:00","description":"Les Mechalots 2023: Bianco, Zona\u00a0Borgogna, Marsannay, Vitigno Chardonnay, Lieviti Indigeni, Affinamento\u00a0Acciaio e barrique, Grado alcolico 12,5%.","breadcrumb":{"@id":"https:\/\/ilvinovero.it\/enoteca\/les-mechalots-2020\/#breadcrumb"},"inLanguage":"en-US","potentialAction":[{"@type":"ReadAction","target":["https:\/\/ilvinovero.it\/enoteca\/les-mechalots-2020\/"]}]},{"@type":"ImageObject","inLanguage":"en-US","@id":"https:\/\/ilvinovero.it\/enoteca\/les-mechalots-2020\/#primaryimage","url":"https:\/\/ilvinovero.it\/wp-content\/uploads\/2026\/01\/Pataille-Les-mechalots.jpg","contentUrl":"https:\/\/ilvinovero.it\/wp-content\/uploads\/2026\/01\/Pataille-Les-mechalots.jpg","width":800,"height":800},{"@type":"BreadcrumbList","@id":"https:\/\/ilvinovero.it\/enoteca\/les-mechalots-2020\/#breadcrumb","itemListElement":[{"@type":"ListItem","position":1,"name":"Home","item":"https:\/\/ilvinovero.it\/en\/"},{"@type":"ListItem","position":2,"name":"Shop","item":"https:\/\/ilvinovero.it\/en\/the-shop\/"},{"@type":"ListItem","position":3,"name":"Les Mechalots 2023"}]},{"@type":"WebSite","@id":"https:\/\/ilvinovero.it\/#website","url":"https:\/\/ilvinovero.it\/","name":"Il Vino Vero","description":"Qualit&agrave; e gusto","potentialAction":[{"@type":"SearchAction","target":{"@type":"EntryPoint","urlTemplate":"https:\/\/ilvinovero.it\/?s={search_term_string}"},"query-input":{"@type":"PropertyValueSpecification","valueRequired":true,"valueName":"search_term_string"}}],"inLanguage":"en-US"}]}},"_links":{"self":[{"href":"https:\/\/ilvinovero.it\/en\/wp-json\/wp\/v2\/product\/6987","targetHints":{"allow":["GET"]}}],"collection":[{"href":"https:\/\/ilvinovero.it\/en\/wp-json\/wp\/v2\/product"}],"about":[{"href":"https:\/\/ilvinovero.it\/en\/wp-json\/wp\/v2\/types\/product"}],"replies":[{"embeddable":true,"href":"https:\/\/ilvinovero.it\/en\/wp-json\/wp\/v2\/comments?post=6987"}],"wp:featuredmedia":[{"embeddable":true,"href":"https:\/\/ilvinovero.it\/en\/wp-json\/wp\/v2\/media\/8870"}],"wp:attachment":[{"href":"https:\/\/ilvinovero.it\/en\/wp-json\/wp\/v2\/media?parent=6987"}],"wp:term":[{"taxonomy":"product_cat","embeddable":true,"href":"https:\/\/ilvinovero.it\/en\/wp-json\/wp\/v2\/product_cat?post=6987"},{"taxonomy":"product_tag","embeddable":true,"href":"https:\/\/ilvinovero.it\/en\/wp-json\/wp\/v2\/product_tag?post=6987"}],"curies":[{"name":"wp","href":"https:\/\/api.w.org\/{rel}","templated":true}]}}