{"id":7367,"date":"2024-01-19T09:32:19","date_gmt":"2024-01-19T08:32:19","guid":{"rendered":"https:\/\/ilvinovero.it\/?post_type=product&#038;p=7367"},"modified":"2026-01-26T15:58:51","modified_gmt":"2026-01-26T14:58:51","slug":"barbaresco-roccalini-2020","status":"publish","type":"product","link":"https:\/\/ilvinovero.it\/en\/enoteca\/barbaresco-roccalini-2020\/","title":{"rendered":"Barbaresco Roccalini 2020"},"content":{"rendered":"<p>Il Barbaresco Roccalini 2020 \u00e8 un vino strutturato, prodotto in modo tradizionale, eleganza ed equilibrio sono le sue principali peculiarit\u00e0, bevibilit\u00e0 altissima. Vinifica in acciaio dove il vino fermenta con soli lieviti indigeni. Matura in botti di rovere di Slavonia per 14 mesi. Barbaresco Roccalini 2020 \u00e8 prodotto da uve nebbiolo al 100%. La resa finale \u00e8 di un vino raffinato ed elegante.<\/p>\n<p>Paolo Veglio di Cascina Roccalini \u00e8 un giovane viticoltore di Barbaresco, lavora le vigne da quando ha 14 anni. Dal 1993 le uve conferivano \u00a0a Bruno Giacosa. Dal 2004 Paolo decide di fare da solo: ora si parla di un grande, giovane vignaiolo. Possiede 4,5 ettari situati a 250mt sul livello del mare con dolcetto e nebbiolo e possiede anche 4 ettari di nocciole. Le vigne sono esposte a sud\/sud-ovest e protette dal Tanaro. Il suo intervento in vigna e in cantina \u00e8 ridotto al minimo: lui stesso definisce il trattore un male per la vigna, cerca quindi di utilizzarlo il meno possibile, alternando di anno in anno i filari in cui intervenire. Produce tre etichette: Barbaresco Roccalini, Dolcetto d&#8217;Alba, Barbaresco Superiore. Oltre che fare ottimi vini, Paolo \u00e8 una persona umile, gentile e piacevole e Cascina Roccalini ne racchiude l\u2019essenza.<\/p>\n<p><a href=\"https:\/\/www.ilvinovero.it\/i-produttori\/cascina-roccalini\/\">https:\/\/www.ilvinovero.it\/i-produttori\/cascina-roccalini\/<\/a><\/p>\n<p><a href=\"https:\/\/www.enoplane.com\/cascina-roccalini-barbaresco\/\">https:\/\/www.enoplane.com\/cascina-roccalini-barbaresco\/<\/a><\/p>\n","protected":false},"excerpt":{"rendered":"<p><em><strong>Tipologia<\/strong> Rosso<br \/>\n<\/em><em><strong>Regione<\/strong> Piemonte<br \/>\n<\/em><em><strong>Comune<\/strong> Barbaresco<br \/>\n<\/em><em><strong>Terreno<\/strong> Marnoso\/calcarei<br \/>\n<\/em><em><strong>Vitigno <\/strong>Nebbiolo<br \/>\n<\/em><em><strong>Et\u00e0 delle vigne<\/strong> 30 anni circa<br \/>\n<\/em><em><strong>Lieviti<\/strong> Indigeni<br \/>\n<\/em><em><strong>Affinamento<\/strong> Botte grande di Slavonia per circa 12 mesi<br \/>\n<\/em><em><strong>Grado alcolico<\/strong> 14.5%<br \/>\n<\/em><em><strong>Formato<\/strong> 0,75l<br \/>\n<\/em>Contiene solfiti &#8211; Prodotto in Italia<br \/>\nL\u2019immagine \u00e8 puramente indicativa e potrebbe non rispecchiare appieno le caratteristiche del prodotto<\/p>\n","protected":false},"featured_media":8811,"comment_status":"open","ping_status":"closed","template":"","meta":[],"product_cat":[61],"product_tag":[641,93,383,96,94,384,97,77,66,270],"class_list":{"0":"post-7367","1":"product","2":"type-product","3":"status-publish","4":"has-post-thumbnail","6":"product_brand-cascina-roccalini","7":"product_vitigni-nebbiolo","8":"product_cat-vino-rosso","9":"product_tag-641","10":"product_tag-barbaresco","11":"product_tag-cascina-roccalini","12":"product_tag-langhe","13":"product_tag-nebbiolo","14":"product_tag-paolo-veglio","15":"product_tag-piemonte","16":"product_tag-rosso","17":"product_tag-vino-2","18":"product_tag-z1-vini-naturali","20":"first","21":"instock","22":"taxable","23":"shipping-taxable","24":"purchasable","25":"product-type-simple"},"yoast_head":"<!-- This site is optimized with the Yoast SEO plugin v27.3 - https:\/\/yoast.com\/product\/yoast-seo-wordpress\/ -->\n<title>Barbaresco Roccalini 2020 Cascina Roccalini<\/title>\n<meta name=\"description\" content=\"Barbaresco Roccalini 2020, Nebbiolo dal cru Roccalini, vigne di circa 30 anni lieviti indigeni affinamento in botte grande per circa 12 mesi.\" \/>\n<meta name=\"robots\" content=\"index, follow, max-snippet:-1, max-image-preview:large, max-video-preview:-1\" \/>\n<link rel=\"canonical\" href=\"https:\/\/ilvinovero.it\/enoteca\/barbaresco-roccalini-2020\/\" \/>\n<meta property=\"og:locale\" content=\"en_US\" \/>\n<meta property=\"og:type\" content=\"article\" \/>\n<meta property=\"og:title\" content=\"Barbaresco Roccalini 2020 Cascina Roccalini\" \/>\n<meta property=\"og:description\" content=\"Barbaresco Roccalini 2020, Nebbiolo dal cru Roccalini, vigne di circa 30 anni lieviti indigeni affinamento in botte grande per circa 12 mesi.\" \/>\n<meta property=\"og:url\" content=\"https:\/\/ilvinovero.it\/enoteca\/barbaresco-roccalini-2020\/\" \/>\n<meta property=\"og:site_name\" content=\"Il Vino Vero\" \/>\n<meta property=\"article:modified_time\" content=\"2026-01-26T14:58:51+00:00\" \/>\n<meta property=\"og:image\" content=\"https:\/\/ilvinovero.it\/wp-content\/uploads\/2026\/01\/cascina-roccalini-barbaresco.jpg\" \/>\n\t<meta property=\"og:image:width\" content=\"800\" \/>\n\t<meta property=\"og:image:height\" content=\"800\" \/>\n\t<meta property=\"og:image:type\" content=\"image\/jpeg\" \/>\n<meta name=\"twitter:card\" content=\"summary_large_image\" \/>\n<meta name=\"twitter:label1\" content=\"Est. reading time\" \/>\n\t<meta name=\"twitter:data1\" content=\"2 minutes\" \/>\n<script type=\"application\/ld+json\" class=\"yoast-schema-graph\">{\"@context\":\"https:\\\/\\\/schema.org\",\"@graph\":[{\"@type\":\"WebPage\",\"@id\":\"https:\\\/\\\/ilvinovero.it\\\/enoteca\\\/barbaresco-roccalini-2020\\\/\",\"url\":\"https:\\\/\\\/ilvinovero.it\\\/enoteca\\\/barbaresco-roccalini-2020\\\/\",\"name\":\"Barbaresco Roccalini 2020 Cascina Roccalini\",\"isPartOf\":{\"@id\":\"https:\\\/\\\/ilvinovero.it\\\/#website\"},\"primaryImageOfPage\":{\"@id\":\"https:\\\/\\\/ilvinovero.it\\\/enoteca\\\/barbaresco-roccalini-2020\\\/#primaryimage\"},\"image\":{\"@id\":\"https:\\\/\\\/ilvinovero.it\\\/enoteca\\\/barbaresco-roccalini-2020\\\/#primaryimage\"},\"thumbnailUrl\":\"https:\\\/\\\/ilvinovero.it\\\/wp-content\\\/uploads\\\/2026\\\/01\\\/cascina-roccalini-barbaresco.jpg\",\"datePublished\":\"2024-01-19T08:32:19+00:00\",\"dateModified\":\"2026-01-26T14:58:51+00:00\",\"description\":\"Barbaresco Roccalini 2020, Nebbiolo dal cru Roccalini, vigne di circa 30 anni lieviti indigeni affinamento in botte grande per circa 12 mesi.\",\"breadcrumb\":{\"@id\":\"https:\\\/\\\/ilvinovero.it\\\/enoteca\\\/barbaresco-roccalini-2020\\\/#breadcrumb\"},\"inLanguage\":\"en-US\",\"potentialAction\":[{\"@type\":\"ReadAction\",\"target\":[\"https:\\\/\\\/ilvinovero.it\\\/enoteca\\\/barbaresco-roccalini-2020\\\/\"]}]},{\"@type\":\"ImageObject\",\"inLanguage\":\"en-US\",\"@id\":\"https:\\\/\\\/ilvinovero.it\\\/enoteca\\\/barbaresco-roccalini-2020\\\/#primaryimage\",\"url\":\"https:\\\/\\\/ilvinovero.it\\\/wp-content\\\/uploads\\\/2026\\\/01\\\/cascina-roccalini-barbaresco.jpg\",\"contentUrl\":\"https:\\\/\\\/ilvinovero.it\\\/wp-content\\\/uploads\\\/2026\\\/01\\\/cascina-roccalini-barbaresco.jpg\",\"width\":800,\"height\":800},{\"@type\":\"BreadcrumbList\",\"@id\":\"https:\\\/\\\/ilvinovero.it\\\/enoteca\\\/barbaresco-roccalini-2020\\\/#breadcrumb\",\"itemListElement\":[{\"@type\":\"ListItem\",\"position\":1,\"name\":\"Home\",\"item\":\"https:\\\/\\\/ilvinovero.it\\\/en\\\/\"},{\"@type\":\"ListItem\",\"position\":2,\"name\":\"Shop\",\"item\":\"https:\\\/\\\/ilvinovero.it\\\/en\\\/the-shop\\\/\"},{\"@type\":\"ListItem\",\"position\":3,\"name\":\"Barbaresco Roccalini 2020\"}]},{\"@type\":\"WebSite\",\"@id\":\"https:\\\/\\\/ilvinovero.it\\\/#website\",\"url\":\"https:\\\/\\\/ilvinovero.it\\\/\",\"name\":\"Il Vino Vero\",\"description\":\"Qualit&agrave; e gusto\",\"potentialAction\":[{\"@type\":\"SearchAction\",\"target\":{\"@type\":\"EntryPoint\",\"urlTemplate\":\"https:\\\/\\\/ilvinovero.it\\\/?s={search_term_string}\"},\"query-input\":{\"@type\":\"PropertyValueSpecification\",\"valueRequired\":true,\"valueName\":\"search_term_string\"}}],\"inLanguage\":\"en-US\"}]}<\/script>\n<!-- \/ Yoast SEO plugin. -->","yoast_head_json":{"title":"Barbaresco Roccalini 2020 Cascina Roccalini","description":"Barbaresco Roccalini 2020, Nebbiolo dal cru Roccalini, vigne di circa 30 anni lieviti indigeni affinamento in botte grande per circa 12 mesi.","robots":{"index":"index","follow":"follow","max-snippet":"max-snippet:-1","max-image-preview":"max-image-preview:large","max-video-preview":"max-video-preview:-1"},"canonical":"https:\/\/ilvinovero.it\/enoteca\/barbaresco-roccalini-2020\/","og_locale":"en_US","og_type":"article","og_title":"Barbaresco Roccalini 2020 Cascina Roccalini","og_description":"Barbaresco Roccalini 2020, Nebbiolo dal cru Roccalini, vigne di circa 30 anni lieviti indigeni affinamento in botte grande per circa 12 mesi.","og_url":"https:\/\/ilvinovero.it\/enoteca\/barbaresco-roccalini-2020\/","og_site_name":"Il Vino Vero","article_modified_time":"2026-01-26T14:58:51+00:00","og_image":[{"width":800,"height":800,"url":"https:\/\/ilvinovero.it\/wp-content\/uploads\/2026\/01\/cascina-roccalini-barbaresco.jpg","type":"image\/jpeg"}],"twitter_card":"summary_large_image","twitter_misc":{"Est. reading time":"2 minutes"},"schema":{"@context":"https:\/\/schema.org","@graph":[{"@type":"WebPage","@id":"https:\/\/ilvinovero.it\/enoteca\/barbaresco-roccalini-2020\/","url":"https:\/\/ilvinovero.it\/enoteca\/barbaresco-roccalini-2020\/","name":"Barbaresco Roccalini 2020 Cascina Roccalini","isPartOf":{"@id":"https:\/\/ilvinovero.it\/#website"},"primaryImageOfPage":{"@id":"https:\/\/ilvinovero.it\/enoteca\/barbaresco-roccalini-2020\/#primaryimage"},"image":{"@id":"https:\/\/ilvinovero.it\/enoteca\/barbaresco-roccalini-2020\/#primaryimage"},"thumbnailUrl":"https:\/\/ilvinovero.it\/wp-content\/uploads\/2026\/01\/cascina-roccalini-barbaresco.jpg","datePublished":"2024-01-19T08:32:19+00:00","dateModified":"2026-01-26T14:58:51+00:00","description":"Barbaresco Roccalini 2020, Nebbiolo dal cru Roccalini, vigne di circa 30 anni lieviti indigeni affinamento in botte grande per circa 12 mesi.","breadcrumb":{"@id":"https:\/\/ilvinovero.it\/enoteca\/barbaresco-roccalini-2020\/#breadcrumb"},"inLanguage":"en-US","potentialAction":[{"@type":"ReadAction","target":["https:\/\/ilvinovero.it\/enoteca\/barbaresco-roccalini-2020\/"]}]},{"@type":"ImageObject","inLanguage":"en-US","@id":"https:\/\/ilvinovero.it\/enoteca\/barbaresco-roccalini-2020\/#primaryimage","url":"https:\/\/ilvinovero.it\/wp-content\/uploads\/2026\/01\/cascina-roccalini-barbaresco.jpg","contentUrl":"https:\/\/ilvinovero.it\/wp-content\/uploads\/2026\/01\/cascina-roccalini-barbaresco.jpg","width":800,"height":800},{"@type":"BreadcrumbList","@id":"https:\/\/ilvinovero.it\/enoteca\/barbaresco-roccalini-2020\/#breadcrumb","itemListElement":[{"@type":"ListItem","position":1,"name":"Home","item":"https:\/\/ilvinovero.it\/en\/"},{"@type":"ListItem","position":2,"name":"Shop","item":"https:\/\/ilvinovero.it\/en\/the-shop\/"},{"@type":"ListItem","position":3,"name":"Barbaresco Roccalini 2020"}]},{"@type":"WebSite","@id":"https:\/\/ilvinovero.it\/#website","url":"https:\/\/ilvinovero.it\/","name":"Il Vino Vero","description":"Qualit&agrave; e gusto","potentialAction":[{"@type":"SearchAction","target":{"@type":"EntryPoint","urlTemplate":"https:\/\/ilvinovero.it\/?s={search_term_string}"},"query-input":{"@type":"PropertyValueSpecification","valueRequired":true,"valueName":"search_term_string"}}],"inLanguage":"en-US"}]}},"_links":{"self":[{"href":"https:\/\/ilvinovero.it\/en\/wp-json\/wp\/v2\/product\/7367","targetHints":{"allow":["GET"]}}],"collection":[{"href":"https:\/\/ilvinovero.it\/en\/wp-json\/wp\/v2\/product"}],"about":[{"href":"https:\/\/ilvinovero.it\/en\/wp-json\/wp\/v2\/types\/product"}],"replies":[{"embeddable":true,"href":"https:\/\/ilvinovero.it\/en\/wp-json\/wp\/v2\/comments?post=7367"}],"wp:featuredmedia":[{"embeddable":true,"href":"https:\/\/ilvinovero.it\/en\/wp-json\/wp\/v2\/media\/8811"}],"wp:attachment":[{"href":"https:\/\/ilvinovero.it\/en\/wp-json\/wp\/v2\/media?parent=7367"}],"wp:term":[{"taxonomy":"product_cat","embeddable":true,"href":"https:\/\/ilvinovero.it\/en\/wp-json\/wp\/v2\/product_cat?post=7367"},{"taxonomy":"product_tag","embeddable":true,"href":"https:\/\/ilvinovero.it\/en\/wp-json\/wp\/v2\/product_tag?post=7367"}],"curies":[{"name":"wp","href":"https:\/\/api.w.org\/{rel}","templated":true}]}}