{"id":7468,"date":"2024-04-09T11:29:50","date_gmt":"2024-04-09T09:29:50","guid":{"rendered":"https:\/\/ilvinovero.it\/?post_type=product&#038;p=7468"},"modified":"2026-01-26T15:59:02","modified_gmt":"2026-01-26T14:59:02","slug":"abrupts-2022","status":"publish","type":"product","link":"https:\/\/ilvinovero.it\/en\/enoteca\/abrupts-2022\/","title":{"rendered":"Abrupts 2022"},"content":{"rendered":"<p>Abrupts\u00a0 \u00e8 un 100% Gamay,\u00a0 dei migliori terroir piantati a Gamay sulla storica collina di Boudes, con i suoi pendii ripidi &#8211; da qui il nome della cuv\u00e9e.\u00a0 Un terroir basaltico con diverse tipologie di marne. Raccolto a mano. Quattro settimane di macerazione dei grappoli interi in grandi tini troncoconici di legno, con qualche follatura del cappello. 9 mesi di affinamento in vecchie botti da 228 litri e 300 litri. Abrupts ha una bella struttura, decisa impronta sapido-minerale e la sua bella acidit\u00e0 equilibrata. Come al solito Henri Chauvet lascia la sua grande firma: precisione, esattezza dei sapori, freschezza. Senza solfiti aggiunti, vino bellissimo!<\/p>\n<p>Henri Chauvet \u00e8 un giovane enologo, classe 1987, che dopo varie esperienze in Rodano, acquisisce circa 11 ettari in Auvergne nella primavera del 2021 e inizia la conversione al biologico. Siamo a Boudes, a sud di Issoire, \u00e8 una delle citt\u00e0 vinicole pi\u00f9 conosciute dell\u2019Alvernia, una regione generalmente poco conosciuta.<br \/>\nIl clima e i terreni intorno al villaggio hanno la reputazione di produrre alcuni dei pi\u00f9 espressivi Gamay, Pinot Noir e Chardonnay della regione. I terreni sono ben distinti elementi vulcanici , ma c\u2019\u00e8 una predominanza di argilla ricca di ossido di ferro e quarzo. I vigneti di Henri Chauvet sono divisi tra questa argilla rossa e anche parcelle con terreni basaltici pi\u00f9 profondamente vulcanici. Questa complessit\u00e0 del terroir \u00e8 ci\u00f2 che ha attirato Henri nella zona. Un vignaiolo con i piedi per terra e con i piedi ben radicati nelle sue viti. Per lui il vino naturale \u00e8 un mezzo per ottenere ci\u00f2 che vuole trasmettere. Un vignaiolo che rispetta il luogo, i vitigni e l\u2019annata, per noi offre un vero vino locale.<br \/>\nIl risultato \u00e8 sbalorditivo: dalla sua prima annata i vini sono precisi, puri, vibranti, molto dritti, le bottiglie stanno gi\u00e0 andando a ruba, capirete il perch\u00e8!<\/p>\n<p><a href=\"https:\/\/www.ilvinovero.it\/i-produttori\/henri-chauvet\/\">https:\/\/www.ilvinovero.it\/i-produttori\/henri-chauvet\/<\/a><br \/>\nSegnaliamo un bell&#8217;articolo su Chauvet:<br \/>\n<a href=\"https:\/\/vinocondiviso.it\/2024\/06\/19\/henri-chauvet-il-predestinato-dauvergne\/\">https:\/\/vinocondiviso.it\/2024\/06\/19\/henri-chauvet-il-predestinato-dauvergne\/<\/a><\/p>\n","protected":false},"excerpt":{"rendered":"<p><em><strong>Abrupts<\/strong><\/em><\/p>\n<p><em><strong>Tipologia<\/strong><\/em> Rosso<br \/>\n<strong><em>Zona<\/em><\/strong> Auvergne<br \/>\n<em><strong>Comune<\/strong><\/em> C\u00f4tes d&#8217;Auvergne<br \/>\n<em><strong>Terreno<\/strong><\/em> Marne Blue , suoli basaltici<br \/>\n<em><strong>Vitigno<\/strong><\/em>\u00a0 Gamay<br \/>\n<em><strong>Lieviti<\/strong><\/em> Indigeni<br \/>\n<em><strong>Affinamento <\/strong><\/em>9 mesi in legni usati<br \/>\n<em><strong>Grado alcolico<\/strong><\/em> 13%<br \/>\n<em><strong>Formato<\/strong><\/em> 0,75l<br \/>\nContiene solfiti &#8211; Prodotto in Francia<br \/>\nL\u2019immagine \u00e8 puramente indicativa e potrebbe non rispecchiare appieno le caratteristiche del prodotto<\/p>\n","protected":false},"featured_media":8913,"comment_status":"open","ping_status":"closed","template":"","meta":[],"product_cat":[61],"product_tag":[964,129,929,1004,1002,77,861,66,273],"class_list":{"0":"post-7468","1":"product","2":"type-product","3":"status-publish","4":"has-post-thumbnail","6":"product_brand-henri-chauvet","7":"product_vitigni-gamay","8":"product_cat-vino-rosso","9":"product_tag-964","10":"product_tag-chardonnay","11":"product_tag-francia","12":"product_tag-gamay","13":"product_tag-henri-chauvet","14":"product_tag-rosso","15":"product_tag-rouge","16":"product_tag-vino-2","17":"product_tag-vino-naturale","19":"first","20":"outofstock","21":"taxable","22":"shipping-taxable","23":"purchasable","24":"product-type-simple"},"yoast_head":"<!-- This site is optimized with the Yoast SEO plugin v27.3 - https:\/\/yoast.com\/product\/yoast-seo-wordpress\/ -->\n<title>Abrupts Henri Chauvet 2022<\/title>\n<meta name=\"description\" content=\"Abrupts \u00e8 un vino rosso della zona di Auvergne, Vitigno Gamay, lieviti Indigeni, affinamento 9 mesi in legni usati, Grado alcolico 13%\" \/>\n<meta name=\"robots\" content=\"index, follow, max-snippet:-1, max-image-preview:large, max-video-preview:-1\" \/>\n<link rel=\"canonical\" href=\"https:\/\/ilvinovero.it\/enoteca\/abrupts-2022\/\" \/>\n<meta property=\"og:locale\" content=\"en_US\" \/>\n<meta property=\"og:type\" content=\"article\" \/>\n<meta property=\"og:title\" content=\"Abrupts Henri Chauvet 2022\" \/>\n<meta property=\"og:description\" content=\"Abrupts \u00e8 un vino rosso della zona di Auvergne, Vitigno Gamay, lieviti Indigeni, affinamento 9 mesi in legni usati, Grado alcolico 13%\" \/>\n<meta property=\"og:url\" content=\"https:\/\/ilvinovero.it\/enoteca\/abrupts-2022\/\" \/>\n<meta property=\"og:site_name\" content=\"Il Vino Vero\" \/>\n<meta property=\"article:modified_time\" content=\"2026-01-26T14:59:02+00:00\" \/>\n<meta property=\"og:image\" content=\"https:\/\/ilvinovero.it\/wp-content\/uploads\/2026\/01\/chauvet-abrupts.jpg\" \/>\n\t<meta property=\"og:image:width\" content=\"800\" \/>\n\t<meta property=\"og:image:height\" content=\"800\" \/>\n\t<meta property=\"og:image:type\" content=\"image\/jpeg\" \/>\n<meta name=\"twitter:card\" content=\"summary_large_image\" \/>\n<meta name=\"twitter:label1\" content=\"Est. reading time\" \/>\n\t<meta name=\"twitter:data1\" content=\"2 minutes\" \/>\n<script type=\"application\/ld+json\" class=\"yoast-schema-graph\">{\"@context\":\"https:\\\/\\\/schema.org\",\"@graph\":[{\"@type\":\"WebPage\",\"@id\":\"https:\\\/\\\/ilvinovero.it\\\/enoteca\\\/abrupts-2022\\\/\",\"url\":\"https:\\\/\\\/ilvinovero.it\\\/enoteca\\\/abrupts-2022\\\/\",\"name\":\"Abrupts Henri Chauvet 2022\",\"isPartOf\":{\"@id\":\"https:\\\/\\\/ilvinovero.it\\\/#website\"},\"primaryImageOfPage\":{\"@id\":\"https:\\\/\\\/ilvinovero.it\\\/enoteca\\\/abrupts-2022\\\/#primaryimage\"},\"image\":{\"@id\":\"https:\\\/\\\/ilvinovero.it\\\/enoteca\\\/abrupts-2022\\\/#primaryimage\"},\"thumbnailUrl\":\"https:\\\/\\\/ilvinovero.it\\\/wp-content\\\/uploads\\\/2026\\\/01\\\/chauvet-abrupts.jpg\",\"datePublished\":\"2024-04-09T09:29:50+00:00\",\"dateModified\":\"2026-01-26T14:59:02+00:00\",\"description\":\"Abrupts \u00e8 un vino rosso della zona di Auvergne, Vitigno Gamay, lieviti Indigeni, affinamento 9 mesi in legni usati, Grado alcolico 13%\",\"breadcrumb\":{\"@id\":\"https:\\\/\\\/ilvinovero.it\\\/enoteca\\\/abrupts-2022\\\/#breadcrumb\"},\"inLanguage\":\"en-US\",\"potentialAction\":[{\"@type\":\"ReadAction\",\"target\":[\"https:\\\/\\\/ilvinovero.it\\\/enoteca\\\/abrupts-2022\\\/\"]}]},{\"@type\":\"ImageObject\",\"inLanguage\":\"en-US\",\"@id\":\"https:\\\/\\\/ilvinovero.it\\\/enoteca\\\/abrupts-2022\\\/#primaryimage\",\"url\":\"https:\\\/\\\/ilvinovero.it\\\/wp-content\\\/uploads\\\/2026\\\/01\\\/chauvet-abrupts.jpg\",\"contentUrl\":\"https:\\\/\\\/ilvinovero.it\\\/wp-content\\\/uploads\\\/2026\\\/01\\\/chauvet-abrupts.jpg\",\"width\":800,\"height\":800},{\"@type\":\"BreadcrumbList\",\"@id\":\"https:\\\/\\\/ilvinovero.it\\\/enoteca\\\/abrupts-2022\\\/#breadcrumb\",\"itemListElement\":[{\"@type\":\"ListItem\",\"position\":1,\"name\":\"Home\",\"item\":\"https:\\\/\\\/ilvinovero.it\\\/en\\\/\"},{\"@type\":\"ListItem\",\"position\":2,\"name\":\"Shop\",\"item\":\"https:\\\/\\\/ilvinovero.it\\\/en\\\/the-shop\\\/\"},{\"@type\":\"ListItem\",\"position\":3,\"name\":\"Abrupts 2022\"}]},{\"@type\":\"WebSite\",\"@id\":\"https:\\\/\\\/ilvinovero.it\\\/#website\",\"url\":\"https:\\\/\\\/ilvinovero.it\\\/\",\"name\":\"Il Vino Vero\",\"description\":\"Qualit&agrave; e gusto\",\"potentialAction\":[{\"@type\":\"SearchAction\",\"target\":{\"@type\":\"EntryPoint\",\"urlTemplate\":\"https:\\\/\\\/ilvinovero.it\\\/?s={search_term_string}\"},\"query-input\":{\"@type\":\"PropertyValueSpecification\",\"valueRequired\":true,\"valueName\":\"search_term_string\"}}],\"inLanguage\":\"en-US\"}]}<\/script>\n<!-- \/ Yoast SEO plugin. -->","yoast_head_json":{"title":"Abrupts Henri Chauvet 2022","description":"Abrupts \u00e8 un vino rosso della zona di Auvergne, Vitigno Gamay, lieviti Indigeni, affinamento 9 mesi in legni usati, Grado alcolico 13%","robots":{"index":"index","follow":"follow","max-snippet":"max-snippet:-1","max-image-preview":"max-image-preview:large","max-video-preview":"max-video-preview:-1"},"canonical":"https:\/\/ilvinovero.it\/enoteca\/abrupts-2022\/","og_locale":"en_US","og_type":"article","og_title":"Abrupts Henri Chauvet 2022","og_description":"Abrupts \u00e8 un vino rosso della zona di Auvergne, Vitigno Gamay, lieviti Indigeni, affinamento 9 mesi in legni usati, Grado alcolico 13%","og_url":"https:\/\/ilvinovero.it\/enoteca\/abrupts-2022\/","og_site_name":"Il Vino Vero","article_modified_time":"2026-01-26T14:59:02+00:00","og_image":[{"width":800,"height":800,"url":"https:\/\/ilvinovero.it\/wp-content\/uploads\/2026\/01\/chauvet-abrupts.jpg","type":"image\/jpeg"}],"twitter_card":"summary_large_image","twitter_misc":{"Est. reading time":"2 minutes"},"schema":{"@context":"https:\/\/schema.org","@graph":[{"@type":"WebPage","@id":"https:\/\/ilvinovero.it\/enoteca\/abrupts-2022\/","url":"https:\/\/ilvinovero.it\/enoteca\/abrupts-2022\/","name":"Abrupts Henri Chauvet 2022","isPartOf":{"@id":"https:\/\/ilvinovero.it\/#website"},"primaryImageOfPage":{"@id":"https:\/\/ilvinovero.it\/enoteca\/abrupts-2022\/#primaryimage"},"image":{"@id":"https:\/\/ilvinovero.it\/enoteca\/abrupts-2022\/#primaryimage"},"thumbnailUrl":"https:\/\/ilvinovero.it\/wp-content\/uploads\/2026\/01\/chauvet-abrupts.jpg","datePublished":"2024-04-09T09:29:50+00:00","dateModified":"2026-01-26T14:59:02+00:00","description":"Abrupts \u00e8 un vino rosso della zona di Auvergne, Vitigno Gamay, lieviti Indigeni, affinamento 9 mesi in legni usati, Grado alcolico 13%","breadcrumb":{"@id":"https:\/\/ilvinovero.it\/enoteca\/abrupts-2022\/#breadcrumb"},"inLanguage":"en-US","potentialAction":[{"@type":"ReadAction","target":["https:\/\/ilvinovero.it\/enoteca\/abrupts-2022\/"]}]},{"@type":"ImageObject","inLanguage":"en-US","@id":"https:\/\/ilvinovero.it\/enoteca\/abrupts-2022\/#primaryimage","url":"https:\/\/ilvinovero.it\/wp-content\/uploads\/2026\/01\/chauvet-abrupts.jpg","contentUrl":"https:\/\/ilvinovero.it\/wp-content\/uploads\/2026\/01\/chauvet-abrupts.jpg","width":800,"height":800},{"@type":"BreadcrumbList","@id":"https:\/\/ilvinovero.it\/enoteca\/abrupts-2022\/#breadcrumb","itemListElement":[{"@type":"ListItem","position":1,"name":"Home","item":"https:\/\/ilvinovero.it\/en\/"},{"@type":"ListItem","position":2,"name":"Shop","item":"https:\/\/ilvinovero.it\/en\/the-shop\/"},{"@type":"ListItem","position":3,"name":"Abrupts 2022"}]},{"@type":"WebSite","@id":"https:\/\/ilvinovero.it\/#website","url":"https:\/\/ilvinovero.it\/","name":"Il Vino Vero","description":"Qualit&agrave; e gusto","potentialAction":[{"@type":"SearchAction","target":{"@type":"EntryPoint","urlTemplate":"https:\/\/ilvinovero.it\/?s={search_term_string}"},"query-input":{"@type":"PropertyValueSpecification","valueRequired":true,"valueName":"search_term_string"}}],"inLanguage":"en-US"}]}},"_links":{"self":[{"href":"https:\/\/ilvinovero.it\/en\/wp-json\/wp\/v2\/product\/7468","targetHints":{"allow":["GET"]}}],"collection":[{"href":"https:\/\/ilvinovero.it\/en\/wp-json\/wp\/v2\/product"}],"about":[{"href":"https:\/\/ilvinovero.it\/en\/wp-json\/wp\/v2\/types\/product"}],"replies":[{"embeddable":true,"href":"https:\/\/ilvinovero.it\/en\/wp-json\/wp\/v2\/comments?post=7468"}],"wp:featuredmedia":[{"embeddable":true,"href":"https:\/\/ilvinovero.it\/en\/wp-json\/wp\/v2\/media\/8913"}],"wp:attachment":[{"href":"https:\/\/ilvinovero.it\/en\/wp-json\/wp\/v2\/media?parent=7468"}],"wp:term":[{"taxonomy":"product_cat","embeddable":true,"href":"https:\/\/ilvinovero.it\/en\/wp-json\/wp\/v2\/product_cat?post=7468"},{"taxonomy":"product_tag","embeddable":true,"href":"https:\/\/ilvinovero.it\/en\/wp-json\/wp\/v2\/product_tag?post=7468"}],"curies":[{"name":"wp","href":"https:\/\/api.w.org\/{rel}","templated":true}]}}