{"id":7692,"date":"2024-09-27T10:52:57","date_gmt":"2024-09-27T08:52:57","guid":{"rendered":"https:\/\/ilvinovero.it\/?post_type=product&#038;p=7692"},"modified":"2026-01-26T15:59:14","modified_gmt":"2026-01-26T14:59:14","slug":"vitovska-2020","status":"publish","type":"product","link":"https:\/\/ilvinovero.it\/en\/enoteca\/vitovska-2020\/","title":{"rendered":"Vitovska 2020"},"content":{"rendered":"<p>Vitovska 2020 , coltivata ad alberello con un&#8217;alta densit\u00e0 per ettaro, diraspata e pigiata fermenta e macera in anfore georgiane per 6 mesi. Torchiata, Vitovska 2020 affina in botte grande di rovere di Slavonia da hl. 30 per 24 mesi<\/p>\n<p>&#8220;Vitovska \u00e8 la regina del Carso. Regna su vigneti terreno-rocciosi e fazzoletti di terra rossa che la mano dell\u2019uomo coltiva rispettosa, guidata da un profondo amore per la natura. Per ogni ettaro di terra, a un\u2019altitudine media di 260 metri sul mare, vi sono 10.500 piante del vitigno autoctono coltivate ad alberello, affinch\u00e9 si preservino dal vento di bora che sferza il paesaggio. Ciascuna pianta dona 500 grammi di uva, raccolti a mano con l\u2019ausilio di cassette durante la vendemmia. Diraspata e pigiata, l\u2019uva fermenta e macera priva di controllo della temperatura e senza aggiunta alcuna di lieviti, ma con diverse follature quotidiane, prima di essere posta nel torchio tradizionale. Naturale \u00e8 la vinificazione: non si fa uso di alcuno stabilizzante chimico-fisico, non vi sono aggiunte di enzimi n\u00e9 additivi. Il vino \u00e8 imbottigliato senza essere filtrato.&#8221;<\/p>\n<p>Vodopivec = Carso = Vitovska.<br \/>\nSe si parla di Carso e di Vitovska il pensiero va sicuramente a Vodopivec. Grandi interpreti di questa terra e di questo vitigno in tutte le sue sfumature. La terra tipica della zona dona a questi vini un marchio inconfondibile.<br \/>\nTutti vini che escono dalla cantina gi\u00e0 con qualche anno sulle spalle, ma lasciati affinare tirano fuori il meglio.<\/p>\n<p><a href=\"https:\/\/www.vodopivec.it\/\">https:\/\/www.vodopivec.it\/<\/a><\/p>\n<p><a href=\"https:\/\/www.ilvinovero.it\/i-produttori\/vodopivec\/\">https:\/\/www.ilvinovero.it\/i-produttori\/vodopivec\/<\/a><\/p>\n","protected":false},"excerpt":{"rendered":"<p><em><strong>Tipologia<\/strong><\/em> Bianco<br \/>\n<em><strong>Regione<\/strong><\/em> Friuli Venezia Giulia<br \/>\n<em><strong>Comune<\/strong><\/em> Sgonico<br \/>\n<em><strong>Terreno<\/strong> <\/em>Roccioso<br \/>\n<em><strong>Vitigno <\/strong><\/em>Vitovska<br \/>\n<em><strong>Lieviti<\/strong><\/em> Indigeni<br \/>\n<strong><em>Vinificazione e<\/em><\/strong> <em><strong>Affinamento <\/strong><\/em>fermentazione e macerazione in anfora, affinamento in botte grande<strong><br \/>\n<\/strong><em><strong>Grado alcolico<\/strong><\/em> 12,5%<br \/>\n<em><strong>Formato<\/strong><\/em> 0,75l<br \/>\nContiene solfiti &#8211; Prodotto in Italia<br \/>\nL\u2019immagine \u00e8 puramente indicativa e potrebbe non rispecchiare appieno le caratteristiche del prodotto<\/p>\n<p>&nbsp;<\/p>\n","protected":false},"featured_media":8806,"comment_status":"open","ping_status":"closed","template":"","meta":[],"product_cat":[62],"product_tag":[641,528,67,762,761,87,758,66,757,759,270],"class_list":{"0":"post-7692","1":"product","2":"type-product","3":"status-publish","4":"has-post-thumbnail","6":"product_brand-vodopivec","7":"product_vitigni-vitovska","8":"product_cat-vino-bianco","9":"product_tag-641","10":"product_tag-anfora","11":"product_tag-bianco","12":"product_tag-botte","13":"product_tag-carso","14":"product_tag-friuli","15":"product_tag-paolo","16":"product_tag-vino-2","17":"product_tag-vitovska","18":"product_tag-vodopivec","19":"product_tag-z1-vini-naturali","21":"first","22":"instock","23":"taxable","24":"shipping-taxable","25":"purchasable","26":"product-type-simple"},"yoast_head":"<!-- This site is optimized with the Yoast SEO plugin v27.3 - https:\/\/yoast.com\/product\/yoast-seo-wordpress\/ -->\n<title>Vitovska 2020 Vodopivec<\/title>\n<meta name=\"description\" content=\"Vitovska 2020, coltivata ad alberello, alta densit\u00e0 per ettaro, fermenta e macera in anfore georgiane per 6 mesi, affina in botte grande per 24 mesi.\" \/>\n<meta name=\"robots\" content=\"index, follow, max-snippet:-1, max-image-preview:large, max-video-preview:-1\" \/>\n<link rel=\"canonical\" href=\"https:\/\/ilvinovero.it\/enoteca\/vitovska-2020\/\" \/>\n<meta property=\"og:locale\" content=\"en_US\" \/>\n<meta property=\"og:type\" content=\"article\" \/>\n<meta property=\"og:title\" content=\"Vitovska 2020 Vodopivec\" \/>\n<meta property=\"og:description\" content=\"Vitovska 2020, coltivata ad alberello, alta densit\u00e0 per ettaro, fermenta e macera in anfore georgiane per 6 mesi, affina in botte grande per 24 mesi.\" \/>\n<meta property=\"og:url\" content=\"https:\/\/ilvinovero.it\/enoteca\/vitovska-2020\/\" \/>\n<meta property=\"og:site_name\" content=\"Il Vino Vero\" \/>\n<meta property=\"article:modified_time\" content=\"2026-01-26T14:59:14+00:00\" \/>\n<meta property=\"og:image\" content=\"https:\/\/ilvinovero.it\/wp-content\/uploads\/2026\/01\/vodopivec-vitovska.jpg\" \/>\n\t<meta property=\"og:image:width\" content=\"800\" \/>\n\t<meta property=\"og:image:height\" content=\"800\" \/>\n\t<meta property=\"og:image:type\" content=\"image\/jpeg\" \/>\n<meta name=\"twitter:card\" content=\"summary_large_image\" \/>\n<meta name=\"twitter:label1\" content=\"Est. reading time\" \/>\n\t<meta name=\"twitter:data1\" content=\"2 minutes\" \/>\n<script type=\"application\/ld+json\" class=\"yoast-schema-graph\">{\"@context\":\"https:\\\/\\\/schema.org\",\"@graph\":[{\"@type\":\"WebPage\",\"@id\":\"https:\\\/\\\/ilvinovero.it\\\/enoteca\\\/vitovska-2020\\\/\",\"url\":\"https:\\\/\\\/ilvinovero.it\\\/enoteca\\\/vitovska-2020\\\/\",\"name\":\"Vitovska 2020 Vodopivec\",\"isPartOf\":{\"@id\":\"https:\\\/\\\/ilvinovero.it\\\/#website\"},\"primaryImageOfPage\":{\"@id\":\"https:\\\/\\\/ilvinovero.it\\\/enoteca\\\/vitovska-2020\\\/#primaryimage\"},\"image\":{\"@id\":\"https:\\\/\\\/ilvinovero.it\\\/enoteca\\\/vitovska-2020\\\/#primaryimage\"},\"thumbnailUrl\":\"https:\\\/\\\/ilvinovero.it\\\/wp-content\\\/uploads\\\/2026\\\/01\\\/vodopivec-vitovska.jpg\",\"datePublished\":\"2024-09-27T08:52:57+00:00\",\"dateModified\":\"2026-01-26T14:59:14+00:00\",\"description\":\"Vitovska 2020, coltivata ad alberello, alta densit\u00e0 per ettaro, fermenta e macera in anfore georgiane per 6 mesi, affina in botte grande per 24 mesi.\",\"breadcrumb\":{\"@id\":\"https:\\\/\\\/ilvinovero.it\\\/enoteca\\\/vitovska-2020\\\/#breadcrumb\"},\"inLanguage\":\"en-US\",\"potentialAction\":[{\"@type\":\"ReadAction\",\"target\":[\"https:\\\/\\\/ilvinovero.it\\\/enoteca\\\/vitovska-2020\\\/\"]}]},{\"@type\":\"ImageObject\",\"inLanguage\":\"en-US\",\"@id\":\"https:\\\/\\\/ilvinovero.it\\\/enoteca\\\/vitovska-2020\\\/#primaryimage\",\"url\":\"https:\\\/\\\/ilvinovero.it\\\/wp-content\\\/uploads\\\/2026\\\/01\\\/vodopivec-vitovska.jpg\",\"contentUrl\":\"https:\\\/\\\/ilvinovero.it\\\/wp-content\\\/uploads\\\/2026\\\/01\\\/vodopivec-vitovska.jpg\",\"width\":800,\"height\":800},{\"@type\":\"BreadcrumbList\",\"@id\":\"https:\\\/\\\/ilvinovero.it\\\/enoteca\\\/vitovska-2020\\\/#breadcrumb\",\"itemListElement\":[{\"@type\":\"ListItem\",\"position\":1,\"name\":\"Home\",\"item\":\"https:\\\/\\\/ilvinovero.it\\\/en\\\/\"},{\"@type\":\"ListItem\",\"position\":2,\"name\":\"Shop\",\"item\":\"https:\\\/\\\/ilvinovero.it\\\/en\\\/the-shop\\\/\"},{\"@type\":\"ListItem\",\"position\":3,\"name\":\"Vitovska 2020\"}]},{\"@type\":\"WebSite\",\"@id\":\"https:\\\/\\\/ilvinovero.it\\\/#website\",\"url\":\"https:\\\/\\\/ilvinovero.it\\\/\",\"name\":\"Il Vino Vero\",\"description\":\"Qualit&agrave; e gusto\",\"potentialAction\":[{\"@type\":\"SearchAction\",\"target\":{\"@type\":\"EntryPoint\",\"urlTemplate\":\"https:\\\/\\\/ilvinovero.it\\\/?s={search_term_string}\"},\"query-input\":{\"@type\":\"PropertyValueSpecification\",\"valueRequired\":true,\"valueName\":\"search_term_string\"}}],\"inLanguage\":\"en-US\"}]}<\/script>\n<!-- \/ Yoast SEO plugin. -->","yoast_head_json":{"title":"Vitovska 2020 Vodopivec","description":"Vitovska 2020, coltivata ad alberello, alta densit\u00e0 per ettaro, fermenta e macera in anfore georgiane per 6 mesi, affina in botte grande per 24 mesi.","robots":{"index":"index","follow":"follow","max-snippet":"max-snippet:-1","max-image-preview":"max-image-preview:large","max-video-preview":"max-video-preview:-1"},"canonical":"https:\/\/ilvinovero.it\/enoteca\/vitovska-2020\/","og_locale":"en_US","og_type":"article","og_title":"Vitovska 2020 Vodopivec","og_description":"Vitovska 2020, coltivata ad alberello, alta densit\u00e0 per ettaro, fermenta e macera in anfore georgiane per 6 mesi, affina in botte grande per 24 mesi.","og_url":"https:\/\/ilvinovero.it\/enoteca\/vitovska-2020\/","og_site_name":"Il Vino Vero","article_modified_time":"2026-01-26T14:59:14+00:00","og_image":[{"width":800,"height":800,"url":"https:\/\/ilvinovero.it\/wp-content\/uploads\/2026\/01\/vodopivec-vitovska.jpg","type":"image\/jpeg"}],"twitter_card":"summary_large_image","twitter_misc":{"Est. reading time":"2 minutes"},"schema":{"@context":"https:\/\/schema.org","@graph":[{"@type":"WebPage","@id":"https:\/\/ilvinovero.it\/enoteca\/vitovska-2020\/","url":"https:\/\/ilvinovero.it\/enoteca\/vitovska-2020\/","name":"Vitovska 2020 Vodopivec","isPartOf":{"@id":"https:\/\/ilvinovero.it\/#website"},"primaryImageOfPage":{"@id":"https:\/\/ilvinovero.it\/enoteca\/vitovska-2020\/#primaryimage"},"image":{"@id":"https:\/\/ilvinovero.it\/enoteca\/vitovska-2020\/#primaryimage"},"thumbnailUrl":"https:\/\/ilvinovero.it\/wp-content\/uploads\/2026\/01\/vodopivec-vitovska.jpg","datePublished":"2024-09-27T08:52:57+00:00","dateModified":"2026-01-26T14:59:14+00:00","description":"Vitovska 2020, coltivata ad alberello, alta densit\u00e0 per ettaro, fermenta e macera in anfore georgiane per 6 mesi, affina in botte grande per 24 mesi.","breadcrumb":{"@id":"https:\/\/ilvinovero.it\/enoteca\/vitovska-2020\/#breadcrumb"},"inLanguage":"en-US","potentialAction":[{"@type":"ReadAction","target":["https:\/\/ilvinovero.it\/enoteca\/vitovska-2020\/"]}]},{"@type":"ImageObject","inLanguage":"en-US","@id":"https:\/\/ilvinovero.it\/enoteca\/vitovska-2020\/#primaryimage","url":"https:\/\/ilvinovero.it\/wp-content\/uploads\/2026\/01\/vodopivec-vitovska.jpg","contentUrl":"https:\/\/ilvinovero.it\/wp-content\/uploads\/2026\/01\/vodopivec-vitovska.jpg","width":800,"height":800},{"@type":"BreadcrumbList","@id":"https:\/\/ilvinovero.it\/enoteca\/vitovska-2020\/#breadcrumb","itemListElement":[{"@type":"ListItem","position":1,"name":"Home","item":"https:\/\/ilvinovero.it\/en\/"},{"@type":"ListItem","position":2,"name":"Shop","item":"https:\/\/ilvinovero.it\/en\/the-shop\/"},{"@type":"ListItem","position":3,"name":"Vitovska 2020"}]},{"@type":"WebSite","@id":"https:\/\/ilvinovero.it\/#website","url":"https:\/\/ilvinovero.it\/","name":"Il Vino Vero","description":"Qualit&agrave; e gusto","potentialAction":[{"@type":"SearchAction","target":{"@type":"EntryPoint","urlTemplate":"https:\/\/ilvinovero.it\/?s={search_term_string}"},"query-input":{"@type":"PropertyValueSpecification","valueRequired":true,"valueName":"search_term_string"}}],"inLanguage":"en-US"}]}},"_links":{"self":[{"href":"https:\/\/ilvinovero.it\/en\/wp-json\/wp\/v2\/product\/7692","targetHints":{"allow":["GET"]}}],"collection":[{"href":"https:\/\/ilvinovero.it\/en\/wp-json\/wp\/v2\/product"}],"about":[{"href":"https:\/\/ilvinovero.it\/en\/wp-json\/wp\/v2\/types\/product"}],"replies":[{"embeddable":true,"href":"https:\/\/ilvinovero.it\/en\/wp-json\/wp\/v2\/comments?post=7692"}],"wp:featuredmedia":[{"embeddable":true,"href":"https:\/\/ilvinovero.it\/en\/wp-json\/wp\/v2\/media\/8806"}],"wp:attachment":[{"href":"https:\/\/ilvinovero.it\/en\/wp-json\/wp\/v2\/media?parent=7692"}],"wp:term":[{"taxonomy":"product_cat","embeddable":true,"href":"https:\/\/ilvinovero.it\/en\/wp-json\/wp\/v2\/product_cat?post=7692"},{"taxonomy":"product_tag","embeddable":true,"href":"https:\/\/ilvinovero.it\/en\/wp-json\/wp\/v2\/product_tag?post=7692"}],"curies":[{"name":"wp","href":"https:\/\/api.w.org\/{rel}","templated":true}]}}