{"id":8250,"date":"2025-05-05T11:17:39","date_gmt":"2025-05-05T09:17:39","guid":{"rendered":"https:\/\/ilvinovero.it\/?post_type=product&#038;p=8250"},"modified":"2026-04-11T10:42:14","modified_gmt":"2026-04-11T08:42:14","slug":"j-en-veux-encore-2024","status":"publish","type":"product","link":"https:\/\/ilvinovero.it\/en\/enoteca\/j-en-veux-encore-2024\/","title":{"rendered":"J&#8217;en Veux Encore 2024"},"content":{"rendered":"<p>J&#8217;en Veux Encore: Gamay da Fleurie ed il Poulsard dello Jura trovano il loro perfetto equilibrio in un gioco di profumi, forme e sapori. A E\u2019 un vino goloso, di grande freschezza, uno di quei vini di cui, semplicemente, ne vuoi sempre ancora un po\u2019. Genuino e naturale. Bevibilit\u00e0 100%!!!<\/p>\n<p>Jean-Fran\u00e7ois Ganevat \u00e8 una vera e propria divinit\u00e0 nel panorama enologico mondiale, uno di quei personaggi in grado di ispirare intere generazioni di vignaioli.<br \/>\nLa famiglia Ganevat ha una storia a dir poco secolare. Gi\u00e0 nel 1650 si occupava di coltivare viti e allevare bestiame a Rotalier, nel Sud dello Jura.<br \/>\nQuesta tradizione, o meglio questa vocazione, \u00e8 proseguita negli anni fino ad arrivare nelle mani del padre di Jean-Fran\u00e7ois, che nel 1976 decise di focalizzarsi esclusivamente sulle viti.<br \/>\nSuccessivamente, nel periodo che va dal 1982 al 1989, il giovane Jean-Fran\u00e7ois inizi\u00f2 gradualmente ad aiutare sempre pi\u00f9 il padre, sia in vigna che in cantina. Una volta terminati questi anni di apprendistato, arriv\u00f2 il momento per lui di completare il proprio percorso. Si iscrisse presso la prestigiosa Scuola Enologica di Beaune, alla quale seguirono nove anni come \u201cMa\u00eetre de Chai\u201d presso Jean-Marc Morey a Chassagne-Montrachet. Una volta terminata questa esperienza, Jean-Fran\u00e7ois torn\u00f2 finalmente nell\u2019azienda di famiglia. Nello stesso anno convert\u00ec tutti i vigneti, circa 8.5 ettari, in biologico e poi in biodinamico nel 2006.<\/p>\n<p>Dal 2013 inoltre, l\u2019azienda ha deciso di comprare uve da 10 fidati viticoltori amici di Jean- Fran\u00e7ois. Questi condividono la sua stessa filosofia e\u00a0 lui stesso li aiuta ogni anno a partire dalle regolari pratiche agricole fino ad arrivare alla vendemmia. Uno degli elementi pi\u00f9 interessanti di questo produttore \u00e8 l\u2019incredibile vastit\u00e0 di etichette che produce, 35-40 in base alle annate. Queste sono gestite e spartite con l\u2019aiuto della sorella Anne. Ciascuna di queste bottiglie dimostra l\u2019ossessiva attenzione ai dettagli ed il talento di questo mitico produttore.<\/p>\n<p>\u201cFanfan\u201d, come viene chiamato dagli amici, ha sempre avuto infatti come obbiettivo primario quello di produrre vini nello Jura seguendo la stessa filosofia e riservando la stessa cura con le quali venivano prodotti i\u00a0migliori vini della Borgogna\u00a0in quegli anni.<br \/>\nCi\u00f2 era possibile esclusivamente attraverso l\u2019utilizzo di uve sane e pulite al 100%, ottenute attraverso una maniacale gestione dei vigneti. Grande attenzione viene data anche alla pulizia dell\u2019intera attrezzatura, lavata senza l\u2019utilizzo di saponi o prodotti chimici, ma esclusivamente con acqua. Insieme ai suoi collaboratori diraspa tutte le uve a mano per poi lasciarle affinare in una grande variet\u00e0 di recipienti, dalle demi-muids da 600 litri ai pi\u00f9 grandi tini tronconici. Utilizza poi delle anfore italiane comprate nel 2014.<br \/>\nIl risultato sono vini autentici, raffinati, frutto di un talento smisurato in grado di racchiudere in ciascuna bottiglia un pezzo di Jura e di rapire ogni volta il fortunato assaggiatore.<\/p>\n<p>Jean-Fran\u00e7ois Ganevat \u00e8, semplicemente, uno dei grandi maestri della vinificazione naturale moderna, UNA LEGGENDA VIVENTE!<\/p>\n<p><a href=\"https:\/\/www.ilvinovero.it\/i-produttori\/j-f-ganevat\/\">https:\/\/www.ilvinovero.it\/i-produttori\/j-f-ganevat\/<\/a><\/p>\n<p><a href=\"https:\/\/www.instagram.com\/ilvinovero\/\">https:\/\/www.instagram.com\/ilvinovero\/<\/a><\/p>\n","protected":false},"excerpt":{"rendered":"<p><em><strong>Tipologia<\/strong><\/em> Rosso<br \/>\n<strong><em>Zona<\/em><\/strong> Jura<br \/>\n<em><strong>Comune<\/strong><\/em>\u00a0 Fleurie ( Beaujolais) , La Combe Rotalier, Sud du Jura<br \/>\n<em><strong>Terreno<\/strong><\/em> Calcareo misto a marne calcaree, argille<br \/>\n<em><strong>Vitigno<\/strong><\/em> Gamay, Poulsard<br \/>\n<em><strong>Lieviti<\/strong><\/em> Indigeni<br \/>\n<em><strong>Affinamento<\/strong><\/em> In botti troncoconiche<br \/>\n<em><strong>Grado alcolico<\/strong><\/em> 12%<br \/>\n<em><strong>Formato<\/strong><\/em> 0,75l<br \/>\nContiene solfiti &#8211; Prodotto in Francia<br \/>\nL\u2019immagine \u00e8 puramente indicativa e potrebbe non rispecchiare appieno le caratteristiche del prodotto<\/p>\n","protected":false},"featured_media":8969,"comment_status":"open","ping_status":"closed","template":"","meta":[],"product_cat":[61],"product_tag":[1152,929,1004,1142,1145,925,1146,77,66,273],"class_list":{"0":"post-8250","1":"product","2":"type-product","3":"status-publish","4":"has-post-thumbnail","6":"product_brand-j-f-ganevat","7":"product_vitigni-gamay","8":"product_vitigni-poulsard","9":"product_cat-vino-rosso","10":"product_tag-1152","11":"product_tag-francia","12":"product_tag-gamay","13":"product_tag-ganevat","14":"product_tag-jen-veux-encore","15":"product_tag-jura","16":"product_tag-poulsard","17":"product_tag-rosso","18":"product_tag-vino-2","19":"product_tag-vino-naturale","21":"first","22":"instock","23":"taxable","24":"shipping-taxable","25":"purchasable","26":"product-type-simple"},"yoast_head":"<!-- This site is optimized with the Yoast SEO plugin v27.3 - https:\/\/yoast.com\/product\/yoast-seo-wordpress\/ -->\n<title>J&#039;en Veux Encore 2024 J.F. Ganevat<\/title>\n<meta name=\"description\" content=\"Rosso della zona dello Jura, Vitigno Gamay, Poulsard, Lieviti Indigeni, Affinamento In botti troncoconiche, Grado alcolico 12%\" \/>\n<meta name=\"robots\" content=\"index, follow, max-snippet:-1, max-image-preview:large, max-video-preview:-1\" \/>\n<link rel=\"canonical\" href=\"https:\/\/ilvinovero.it\/enoteca\/j-en-veux-encore-2024\/\" \/>\n<meta property=\"og:locale\" content=\"en_US\" \/>\n<meta property=\"og:type\" content=\"article\" \/>\n<meta property=\"og:title\" content=\"J&#039;en Veux Encore 2024 J.F. Ganevat\" \/>\n<meta property=\"og:description\" content=\"Rosso della zona dello Jura, Vitigno Gamay, Poulsard, Lieviti Indigeni, Affinamento In botti troncoconiche, Grado alcolico 12%\" \/>\n<meta property=\"og:url\" content=\"https:\/\/ilvinovero.it\/enoteca\/j-en-veux-encore-2024\/\" \/>\n<meta property=\"og:site_name\" content=\"Il Vino Vero\" \/>\n<meta property=\"article:modified_time\" content=\"2026-04-11T08:42:14+00:00\" \/>\n<meta property=\"og:image\" content=\"https:\/\/ilvinovero.it\/wp-content\/uploads\/2026\/01\/ganevat-Jen-veux-encore.jpg\" \/>\n\t<meta property=\"og:image:width\" content=\"800\" \/>\n\t<meta property=\"og:image:height\" content=\"800\" \/>\n\t<meta property=\"og:image:type\" content=\"image\/jpeg\" \/>\n<meta name=\"twitter:card\" content=\"summary_large_image\" \/>\n<meta name=\"twitter:label1\" content=\"Est. reading time\" \/>\n\t<meta name=\"twitter:data1\" content=\"3 minutes\" \/>\n<script type=\"application\/ld+json\" class=\"yoast-schema-graph\">{\"@context\":\"https:\\\/\\\/schema.org\",\"@graph\":[{\"@type\":\"WebPage\",\"@id\":\"https:\\\/\\\/ilvinovero.it\\\/enoteca\\\/j-en-veux-encore-2024\\\/\",\"url\":\"https:\\\/\\\/ilvinovero.it\\\/enoteca\\\/j-en-veux-encore-2024\\\/\",\"name\":\"J'en Veux Encore 2024 J.F. Ganevat\",\"isPartOf\":{\"@id\":\"https:\\\/\\\/ilvinovero.it\\\/#website\"},\"primaryImageOfPage\":{\"@id\":\"https:\\\/\\\/ilvinovero.it\\\/enoteca\\\/j-en-veux-encore-2024\\\/#primaryimage\"},\"image\":{\"@id\":\"https:\\\/\\\/ilvinovero.it\\\/enoteca\\\/j-en-veux-encore-2024\\\/#primaryimage\"},\"thumbnailUrl\":\"https:\\\/\\\/ilvinovero.it\\\/wp-content\\\/uploads\\\/2026\\\/01\\\/ganevat-Jen-veux-encore.jpg\",\"datePublished\":\"2025-05-05T09:17:39+00:00\",\"dateModified\":\"2026-04-11T08:42:14+00:00\",\"description\":\"Rosso della zona dello Jura, Vitigno Gamay, Poulsard, Lieviti Indigeni, Affinamento In botti troncoconiche, Grado alcolico 12%\",\"breadcrumb\":{\"@id\":\"https:\\\/\\\/ilvinovero.it\\\/enoteca\\\/j-en-veux-encore-2024\\\/#breadcrumb\"},\"inLanguage\":\"en-US\",\"potentialAction\":[{\"@type\":\"ReadAction\",\"target\":[\"https:\\\/\\\/ilvinovero.it\\\/enoteca\\\/j-en-veux-encore-2024\\\/\"]}]},{\"@type\":\"ImageObject\",\"inLanguage\":\"en-US\",\"@id\":\"https:\\\/\\\/ilvinovero.it\\\/enoteca\\\/j-en-veux-encore-2024\\\/#primaryimage\",\"url\":\"https:\\\/\\\/ilvinovero.it\\\/wp-content\\\/uploads\\\/2026\\\/01\\\/ganevat-Jen-veux-encore.jpg\",\"contentUrl\":\"https:\\\/\\\/ilvinovero.it\\\/wp-content\\\/uploads\\\/2026\\\/01\\\/ganevat-Jen-veux-encore.jpg\",\"width\":800,\"height\":800},{\"@type\":\"BreadcrumbList\",\"@id\":\"https:\\\/\\\/ilvinovero.it\\\/enoteca\\\/j-en-veux-encore-2024\\\/#breadcrumb\",\"itemListElement\":[{\"@type\":\"ListItem\",\"position\":1,\"name\":\"Home\",\"item\":\"https:\\\/\\\/ilvinovero.it\\\/en\\\/\"},{\"@type\":\"ListItem\",\"position\":2,\"name\":\"Shop\",\"item\":\"https:\\\/\\\/ilvinovero.it\\\/en\\\/the-shop\\\/\"},{\"@type\":\"ListItem\",\"position\":3,\"name\":\"J&#8217;en Veux Encore 2024\"}]},{\"@type\":\"WebSite\",\"@id\":\"https:\\\/\\\/ilvinovero.it\\\/#website\",\"url\":\"https:\\\/\\\/ilvinovero.it\\\/\",\"name\":\"Il Vino Vero\",\"description\":\"Qualit&agrave; e gusto\",\"potentialAction\":[{\"@type\":\"SearchAction\",\"target\":{\"@type\":\"EntryPoint\",\"urlTemplate\":\"https:\\\/\\\/ilvinovero.it\\\/?s={search_term_string}\"},\"query-input\":{\"@type\":\"PropertyValueSpecification\",\"valueRequired\":true,\"valueName\":\"search_term_string\"}}],\"inLanguage\":\"en-US\"}]}<\/script>\n<!-- \/ Yoast SEO plugin. -->","yoast_head_json":{"title":"J'en Veux Encore 2024 J.F. Ganevat","description":"Rosso della zona dello Jura, Vitigno Gamay, Poulsard, Lieviti Indigeni, Affinamento In botti troncoconiche, Grado alcolico 12%","robots":{"index":"index","follow":"follow","max-snippet":"max-snippet:-1","max-image-preview":"max-image-preview:large","max-video-preview":"max-video-preview:-1"},"canonical":"https:\/\/ilvinovero.it\/enoteca\/j-en-veux-encore-2024\/","og_locale":"en_US","og_type":"article","og_title":"J'en Veux Encore 2024 J.F. Ganevat","og_description":"Rosso della zona dello Jura, Vitigno Gamay, Poulsard, Lieviti Indigeni, Affinamento In botti troncoconiche, Grado alcolico 12%","og_url":"https:\/\/ilvinovero.it\/enoteca\/j-en-veux-encore-2024\/","og_site_name":"Il Vino Vero","article_modified_time":"2026-04-11T08:42:14+00:00","og_image":[{"width":800,"height":800,"url":"https:\/\/ilvinovero.it\/wp-content\/uploads\/2026\/01\/ganevat-Jen-veux-encore.jpg","type":"image\/jpeg"}],"twitter_card":"summary_large_image","twitter_misc":{"Est. reading time":"3 minutes"},"schema":{"@context":"https:\/\/schema.org","@graph":[{"@type":"WebPage","@id":"https:\/\/ilvinovero.it\/enoteca\/j-en-veux-encore-2024\/","url":"https:\/\/ilvinovero.it\/enoteca\/j-en-veux-encore-2024\/","name":"J'en Veux Encore 2024 J.F. Ganevat","isPartOf":{"@id":"https:\/\/ilvinovero.it\/#website"},"primaryImageOfPage":{"@id":"https:\/\/ilvinovero.it\/enoteca\/j-en-veux-encore-2024\/#primaryimage"},"image":{"@id":"https:\/\/ilvinovero.it\/enoteca\/j-en-veux-encore-2024\/#primaryimage"},"thumbnailUrl":"https:\/\/ilvinovero.it\/wp-content\/uploads\/2026\/01\/ganevat-Jen-veux-encore.jpg","datePublished":"2025-05-05T09:17:39+00:00","dateModified":"2026-04-11T08:42:14+00:00","description":"Rosso della zona dello Jura, Vitigno Gamay, Poulsard, Lieviti Indigeni, Affinamento In botti troncoconiche, Grado alcolico 12%","breadcrumb":{"@id":"https:\/\/ilvinovero.it\/enoteca\/j-en-veux-encore-2024\/#breadcrumb"},"inLanguage":"en-US","potentialAction":[{"@type":"ReadAction","target":["https:\/\/ilvinovero.it\/enoteca\/j-en-veux-encore-2024\/"]}]},{"@type":"ImageObject","inLanguage":"en-US","@id":"https:\/\/ilvinovero.it\/enoteca\/j-en-veux-encore-2024\/#primaryimage","url":"https:\/\/ilvinovero.it\/wp-content\/uploads\/2026\/01\/ganevat-Jen-veux-encore.jpg","contentUrl":"https:\/\/ilvinovero.it\/wp-content\/uploads\/2026\/01\/ganevat-Jen-veux-encore.jpg","width":800,"height":800},{"@type":"BreadcrumbList","@id":"https:\/\/ilvinovero.it\/enoteca\/j-en-veux-encore-2024\/#breadcrumb","itemListElement":[{"@type":"ListItem","position":1,"name":"Home","item":"https:\/\/ilvinovero.it\/en\/"},{"@type":"ListItem","position":2,"name":"Shop","item":"https:\/\/ilvinovero.it\/en\/the-shop\/"},{"@type":"ListItem","position":3,"name":"J&#8217;en Veux Encore 2024"}]},{"@type":"WebSite","@id":"https:\/\/ilvinovero.it\/#website","url":"https:\/\/ilvinovero.it\/","name":"Il Vino Vero","description":"Qualit&agrave; e gusto","potentialAction":[{"@type":"SearchAction","target":{"@type":"EntryPoint","urlTemplate":"https:\/\/ilvinovero.it\/?s={search_term_string}"},"query-input":{"@type":"PropertyValueSpecification","valueRequired":true,"valueName":"search_term_string"}}],"inLanguage":"en-US"}]}},"_links":{"self":[{"href":"https:\/\/ilvinovero.it\/en\/wp-json\/wp\/v2\/product\/8250","targetHints":{"allow":["GET"]}}],"collection":[{"href":"https:\/\/ilvinovero.it\/en\/wp-json\/wp\/v2\/product"}],"about":[{"href":"https:\/\/ilvinovero.it\/en\/wp-json\/wp\/v2\/types\/product"}],"replies":[{"embeddable":true,"href":"https:\/\/ilvinovero.it\/en\/wp-json\/wp\/v2\/comments?post=8250"}],"wp:featuredmedia":[{"embeddable":true,"href":"https:\/\/ilvinovero.it\/en\/wp-json\/wp\/v2\/media\/8969"}],"wp:attachment":[{"href":"https:\/\/ilvinovero.it\/en\/wp-json\/wp\/v2\/media?parent=8250"}],"wp:term":[{"taxonomy":"product_cat","embeddable":true,"href":"https:\/\/ilvinovero.it\/en\/wp-json\/wp\/v2\/product_cat?post=8250"},{"taxonomy":"product_tag","embeddable":true,"href":"https:\/\/ilvinovero.it\/en\/wp-json\/wp\/v2\/product_tag?post=8250"}],"curies":[{"name":"wp","href":"https:\/\/api.w.org\/{rel}","templated":true}]}}