{"id":8256,"date":"2025-05-05T12:09:08","date_gmt":"2025-05-05T10:09:08","guid":{"rendered":"https:\/\/ilvinovero.it\/?post_type=product&#038;p=8256"},"modified":"2026-04-13T14:30:20","modified_gmt":"2026-04-13T12:30:20","slug":"coteau-de-rosette-2023","status":"publish","type":"product","link":"https:\/\/ilvinovero.it\/en\/enoteca\/coteau-de-rosette-2023\/","title":{"rendered":"Coteau de Rosette 2023"},"content":{"rendered":"<p>Coteau de Rosette: questo Chardonnay proviene dal Lieux dit Coteau de Rosette, situata su un ripido pendio a sud-est di Courgis. Qui l&#8217;uva cresce su un terreno calcareo di tipo Kimmeridge. Il vino \u00e8 coltivato in modo biologico e biodinamico. Dopo una lenta fermentazione in grandi foudre e piccole botti di Borgogna, affina per 16 mesi sui lieviti.<br \/>\nChardonnay resco e fruttato, sapidit\u00e0 minerale e una fresca acidit\u00e0 che conferisce un retrogusto lungo e pulito. Pi\u00f9 maturit\u00e0 rispetto a Humeur de Tempes, Coteau de Rosette \u00e8 purezza, profondit\u00e0 e vibrazioni. Per scoprire il volto dei grandi vini.<\/p>\n<p>Alice et Olivier De Moor sono i fondatori del Domaine che sorge nel villaggio di Courgis, all\u2019interno della rinomata regione di Chablis. Promotori di un\u2019agricoltura sostenibile, nel 2005 i vigneti vengono convertiti secondo le pratiche biologiche.<br \/>\nI terreni vitati si estendono su 7 ettari, principalmente coltivati con uve a bacca bianca: Chardonnay, Sauvignon Blanc e Aligot\u00e9 spalmati sulle diverse appellazioni di Chablis, Saint-Bris, Bourgogne Aligot\u00e9 e Chitry. L\u2019utilizzo di chimica viene sostituito da preparati di zolfo e rame ed estratti naturali di piante. \u00c8 dunque la semplicit\u00e0 a riassumere il loro metodo produttivo. Importanti sono anche l\u2019attesa della piena maturazione dell\u2019uva, la raccolta manuale e l\u2019invecchiamento in pi\u00e8ce di legno da dodici a sedici mesi. Tre semplici passaggi che riconducono ad una genuinit\u00e0 produttiva. Grazie alla genuinit\u00e0 e semplicit\u00e0 produttiva dello Chablis, i De Moor si fanno conoscere riportando in auge un vino che da sempre ha dovuto soddisfare grandi esigenze commerciali.\u00a0Uno dei 4-5 grandi nomi della Chablis pi\u00f9 autentica!!!<\/p>\n<p><a href=\"https:\/\/www.ilvinovero.it\/i-produttori\/alice-et-olivier-de-moor\/\">https:\/\/www.ilvinovero.it\/i-produttori\/alice-et-olivier-de-moor\/<\/a><\/p>\n<p><a href=\"https:\/\/www.instagram.com\/ilvinovero\/\">https:\/\/www.instagram.com\/ilvinovero\/<\/a><\/p>\n","protected":false},"excerpt":{"rendered":"<p><em><strong>Tipologia<\/strong><\/em> Bianco<br \/>\n<strong><em>Zona<\/em><\/strong> Chablis<br \/>\n<em><strong>Comune<\/strong><\/em> Courgis<br \/>\n<em><strong>Terreno<\/strong><\/em> Calcareo<br \/>\n<em><strong>Vitigno<\/strong><\/em> 100% Chardonnay<br \/>\n<em><strong>Lieviti<\/strong><\/em> Indigeni<br \/>\n<em><strong>Affinamento\u00a0<\/strong><\/em> Foudre e barrique per almeno 16 mesi<br \/>\n<em><strong>Grado alcolico<\/strong><\/em> 13%<br \/>\n<em><strong>Formato<\/strong><\/em> 0,75l<br \/>\nContiene solfiti &#8211; Prodotto in Francia<br \/>\nL&#8217;immagine \u00e8 puramente indicativa e potrebbe non rispecchiare appieno le caratteristiche del prodotto<\/p>\n","protected":false},"featured_media":8971,"comment_status":"open","ping_status":"closed","template":"","meta":[],"product_cat":[62],"product_tag":[1079,1149,1015,129,1151,66,985,273],"class_list":{"0":"post-8256","1":"product","2":"type-product","3":"status-publish","4":"has-post-thumbnail","6":"product_brand-alice-et-olivier-de-moor","7":"product_vitigni-chardonnay","8":"product_cat-vino-bianco","9":"product_tag-1079","10":"product_tag-alice-et-olivier-de-moor","11":"product_tag-chablis","12":"product_tag-chardonnay","13":"product_tag-coteau-de-rosette","14":"product_tag-vino-2","15":"product_tag-vino-bianco","16":"product_tag-vino-naturale","18":"first","19":"instock","20":"taxable","21":"shipping-taxable","22":"purchasable","23":"product-type-simple"},"yoast_head":"<!-- This site is optimized with the Yoast SEO plugin v27.3 - https:\/\/yoast.com\/product\/yoast-seo-wordpress\/ -->\n<title>Coteau de Rosette 2023 Alice et Olivier De Moor<\/title>\n<meta name=\"description\" content=\"Coteau de Rosette 2023, vino bianco, Zona Chablis, Vitigno 100% Chardonnay, Affinamento Foudre e barrique per almeno 16 mesi, Grado alcolico 13%.\" \/>\n<meta name=\"robots\" content=\"index, follow, max-snippet:-1, max-image-preview:large, max-video-preview:-1\" \/>\n<link rel=\"canonical\" href=\"https:\/\/ilvinovero.it\/enoteca\/coteau-de-rosette-2023\/\" \/>\n<meta property=\"og:locale\" content=\"en_US\" \/>\n<meta property=\"og:type\" content=\"article\" \/>\n<meta property=\"og:title\" content=\"Coteau de Rosette 2023 Alice et Olivier De Moor\" \/>\n<meta property=\"og:description\" content=\"Coteau de Rosette 2023, vino bianco, Zona Chablis, Vitigno 100% Chardonnay, Affinamento Foudre e barrique per almeno 16 mesi, Grado alcolico 13%.\" \/>\n<meta property=\"og:url\" content=\"https:\/\/ilvinovero.it\/enoteca\/coteau-de-rosette-2023\/\" \/>\n<meta property=\"og:site_name\" content=\"Il Vino Vero\" \/>\n<meta property=\"article:modified_time\" content=\"2026-04-13T12:30:20+00:00\" \/>\n<meta property=\"og:image\" content=\"https:\/\/ilvinovero.it\/wp-content\/uploads\/2026\/01\/de-moor-coteau-de-rosette.jpg\" \/>\n\t<meta property=\"og:image:width\" content=\"800\" \/>\n\t<meta property=\"og:image:height\" content=\"800\" \/>\n\t<meta property=\"og:image:type\" content=\"image\/jpeg\" \/>\n<meta name=\"twitter:card\" content=\"summary_large_image\" \/>\n<meta name=\"twitter:label1\" content=\"Est. reading time\" \/>\n\t<meta name=\"twitter:data1\" content=\"2 minutes\" \/>\n<script type=\"application\/ld+json\" class=\"yoast-schema-graph\">{\"@context\":\"https:\\\/\\\/schema.org\",\"@graph\":[{\"@type\":\"WebPage\",\"@id\":\"https:\\\/\\\/ilvinovero.it\\\/enoteca\\\/coteau-de-rosette-2023\\\/\",\"url\":\"https:\\\/\\\/ilvinovero.it\\\/enoteca\\\/coteau-de-rosette-2023\\\/\",\"name\":\"Coteau de Rosette 2023 Alice et Olivier De Moor\",\"isPartOf\":{\"@id\":\"https:\\\/\\\/ilvinovero.it\\\/#website\"},\"primaryImageOfPage\":{\"@id\":\"https:\\\/\\\/ilvinovero.it\\\/enoteca\\\/coteau-de-rosette-2023\\\/#primaryimage\"},\"image\":{\"@id\":\"https:\\\/\\\/ilvinovero.it\\\/enoteca\\\/coteau-de-rosette-2023\\\/#primaryimage\"},\"thumbnailUrl\":\"https:\\\/\\\/ilvinovero.it\\\/wp-content\\\/uploads\\\/2026\\\/01\\\/de-moor-coteau-de-rosette.jpg\",\"datePublished\":\"2025-05-05T10:09:08+00:00\",\"dateModified\":\"2026-04-13T12:30:20+00:00\",\"description\":\"Coteau de Rosette 2023, vino bianco, Zona Chablis, Vitigno 100% Chardonnay, Affinamento Foudre e barrique per almeno 16 mesi, Grado alcolico 13%.\",\"breadcrumb\":{\"@id\":\"https:\\\/\\\/ilvinovero.it\\\/enoteca\\\/coteau-de-rosette-2023\\\/#breadcrumb\"},\"inLanguage\":\"en-US\",\"potentialAction\":[{\"@type\":\"ReadAction\",\"target\":[\"https:\\\/\\\/ilvinovero.it\\\/enoteca\\\/coteau-de-rosette-2023\\\/\"]}]},{\"@type\":\"ImageObject\",\"inLanguage\":\"en-US\",\"@id\":\"https:\\\/\\\/ilvinovero.it\\\/enoteca\\\/coteau-de-rosette-2023\\\/#primaryimage\",\"url\":\"https:\\\/\\\/ilvinovero.it\\\/wp-content\\\/uploads\\\/2026\\\/01\\\/de-moor-coteau-de-rosette.jpg\",\"contentUrl\":\"https:\\\/\\\/ilvinovero.it\\\/wp-content\\\/uploads\\\/2026\\\/01\\\/de-moor-coteau-de-rosette.jpg\",\"width\":800,\"height\":800},{\"@type\":\"BreadcrumbList\",\"@id\":\"https:\\\/\\\/ilvinovero.it\\\/enoteca\\\/coteau-de-rosette-2023\\\/#breadcrumb\",\"itemListElement\":[{\"@type\":\"ListItem\",\"position\":1,\"name\":\"Home\",\"item\":\"https:\\\/\\\/ilvinovero.it\\\/en\\\/\"},{\"@type\":\"ListItem\",\"position\":2,\"name\":\"Shop\",\"item\":\"https:\\\/\\\/ilvinovero.it\\\/en\\\/the-shop\\\/\"},{\"@type\":\"ListItem\",\"position\":3,\"name\":\"Coteau de Rosette 2023\"}]},{\"@type\":\"WebSite\",\"@id\":\"https:\\\/\\\/ilvinovero.it\\\/#website\",\"url\":\"https:\\\/\\\/ilvinovero.it\\\/\",\"name\":\"Il Vino Vero\",\"description\":\"Qualit&agrave; e gusto\",\"potentialAction\":[{\"@type\":\"SearchAction\",\"target\":{\"@type\":\"EntryPoint\",\"urlTemplate\":\"https:\\\/\\\/ilvinovero.it\\\/?s={search_term_string}\"},\"query-input\":{\"@type\":\"PropertyValueSpecification\",\"valueRequired\":true,\"valueName\":\"search_term_string\"}}],\"inLanguage\":\"en-US\"}]}<\/script>\n<!-- \/ Yoast SEO plugin. -->","yoast_head_json":{"title":"Coteau de Rosette 2023 Alice et Olivier De Moor","description":"Coteau de Rosette 2023, vino bianco, Zona Chablis, Vitigno 100% Chardonnay, Affinamento Foudre e barrique per almeno 16 mesi, Grado alcolico 13%.","robots":{"index":"index","follow":"follow","max-snippet":"max-snippet:-1","max-image-preview":"max-image-preview:large","max-video-preview":"max-video-preview:-1"},"canonical":"https:\/\/ilvinovero.it\/enoteca\/coteau-de-rosette-2023\/","og_locale":"en_US","og_type":"article","og_title":"Coteau de Rosette 2023 Alice et Olivier De Moor","og_description":"Coteau de Rosette 2023, vino bianco, Zona Chablis, Vitigno 100% Chardonnay, Affinamento Foudre e barrique per almeno 16 mesi, Grado alcolico 13%.","og_url":"https:\/\/ilvinovero.it\/enoteca\/coteau-de-rosette-2023\/","og_site_name":"Il Vino Vero","article_modified_time":"2026-04-13T12:30:20+00:00","og_image":[{"width":800,"height":800,"url":"https:\/\/ilvinovero.it\/wp-content\/uploads\/2026\/01\/de-moor-coteau-de-rosette.jpg","type":"image\/jpeg"}],"twitter_card":"summary_large_image","twitter_misc":{"Est. reading time":"2 minutes"},"schema":{"@context":"https:\/\/schema.org","@graph":[{"@type":"WebPage","@id":"https:\/\/ilvinovero.it\/enoteca\/coteau-de-rosette-2023\/","url":"https:\/\/ilvinovero.it\/enoteca\/coteau-de-rosette-2023\/","name":"Coteau de Rosette 2023 Alice et Olivier De Moor","isPartOf":{"@id":"https:\/\/ilvinovero.it\/#website"},"primaryImageOfPage":{"@id":"https:\/\/ilvinovero.it\/enoteca\/coteau-de-rosette-2023\/#primaryimage"},"image":{"@id":"https:\/\/ilvinovero.it\/enoteca\/coteau-de-rosette-2023\/#primaryimage"},"thumbnailUrl":"https:\/\/ilvinovero.it\/wp-content\/uploads\/2026\/01\/de-moor-coteau-de-rosette.jpg","datePublished":"2025-05-05T10:09:08+00:00","dateModified":"2026-04-13T12:30:20+00:00","description":"Coteau de Rosette 2023, vino bianco, Zona Chablis, Vitigno 100% Chardonnay, Affinamento Foudre e barrique per almeno 16 mesi, Grado alcolico 13%.","breadcrumb":{"@id":"https:\/\/ilvinovero.it\/enoteca\/coteau-de-rosette-2023\/#breadcrumb"},"inLanguage":"en-US","potentialAction":[{"@type":"ReadAction","target":["https:\/\/ilvinovero.it\/enoteca\/coteau-de-rosette-2023\/"]}]},{"@type":"ImageObject","inLanguage":"en-US","@id":"https:\/\/ilvinovero.it\/enoteca\/coteau-de-rosette-2023\/#primaryimage","url":"https:\/\/ilvinovero.it\/wp-content\/uploads\/2026\/01\/de-moor-coteau-de-rosette.jpg","contentUrl":"https:\/\/ilvinovero.it\/wp-content\/uploads\/2026\/01\/de-moor-coteau-de-rosette.jpg","width":800,"height":800},{"@type":"BreadcrumbList","@id":"https:\/\/ilvinovero.it\/enoteca\/coteau-de-rosette-2023\/#breadcrumb","itemListElement":[{"@type":"ListItem","position":1,"name":"Home","item":"https:\/\/ilvinovero.it\/en\/"},{"@type":"ListItem","position":2,"name":"Shop","item":"https:\/\/ilvinovero.it\/en\/the-shop\/"},{"@type":"ListItem","position":3,"name":"Coteau de Rosette 2023"}]},{"@type":"WebSite","@id":"https:\/\/ilvinovero.it\/#website","url":"https:\/\/ilvinovero.it\/","name":"Il Vino Vero","description":"Qualit&agrave; e gusto","potentialAction":[{"@type":"SearchAction","target":{"@type":"EntryPoint","urlTemplate":"https:\/\/ilvinovero.it\/?s={search_term_string}"},"query-input":{"@type":"PropertyValueSpecification","valueRequired":true,"valueName":"search_term_string"}}],"inLanguage":"en-US"}]}},"_links":{"self":[{"href":"https:\/\/ilvinovero.it\/en\/wp-json\/wp\/v2\/product\/8256","targetHints":{"allow":["GET"]}}],"collection":[{"href":"https:\/\/ilvinovero.it\/en\/wp-json\/wp\/v2\/product"}],"about":[{"href":"https:\/\/ilvinovero.it\/en\/wp-json\/wp\/v2\/types\/product"}],"replies":[{"embeddable":true,"href":"https:\/\/ilvinovero.it\/en\/wp-json\/wp\/v2\/comments?post=8256"}],"wp:featuredmedia":[{"embeddable":true,"href":"https:\/\/ilvinovero.it\/en\/wp-json\/wp\/v2\/media\/8971"}],"wp:attachment":[{"href":"https:\/\/ilvinovero.it\/en\/wp-json\/wp\/v2\/media?parent=8256"}],"wp:term":[{"taxonomy":"product_cat","embeddable":true,"href":"https:\/\/ilvinovero.it\/en\/wp-json\/wp\/v2\/product_cat?post=8256"},{"taxonomy":"product_tag","embeddable":true,"href":"https:\/\/ilvinovero.it\/en\/wp-json\/wp\/v2\/product_tag?post=8256"}],"curies":[{"name":"wp","href":"https:\/\/api.w.org\/{rel}","templated":true}]}}