{"id":8533,"date":"2025-11-27T09:48:28","date_gmt":"2025-11-27T08:48:28","guid":{"rendered":"https:\/\/www.ilvinovero.it\/?post_type=product&#038;p=8533"},"modified":"2026-03-30T11:35:53","modified_gmt":"2026-03-30T09:35:53","slug":"ti-diro","status":"publish","type":"product","link":"https:\/\/ilvinovero.it\/en\/enoteca\/ti-diro\/","title":{"rendered":"Ti Dir\u00f2"},"content":{"rendered":"<p>Ti Dir\u00f2 2024 \u00e8 un Grignolino autentico e non filtrato del Monferrato Casalese in Piemonte. La vendemmia \u00e8 manuale e il vino fermenta spontaneamente con pied de cuve. La fermentazione malolattica avviene naturalmente e il vino viene affinato esclusivamente in acciaio per preservare il carattere originale dell&#8217;uva.<\/p>\n<p>Nel 1986 Giorgio Ferrero diventa titolare dell\u2019azienda agricola familiare Ca\u2019 del Prete , che da quattro generazioni produce vino a Pino d\u2019Asti, implementando il metodo dell\u2019agricoltura biologica .Dal 2014, dopo l\u2019esperienza maturata in azienda come coadiuvante, Luca Ferrero (nipote di Giorgio) diventa titolare dell\u2019azienda .<br \/>\nNegli ultimi anni Luca, pur rimanendo convintamente all\u2019interno della certificazione biologica, ha implementato nuove metodologie che vanno dalla vigna alla cantina. Definisce i suoi vini \u201cartigianali provenienti da uve a coltivazione biologica\u201d. Artigianali poich\u00e9 prodotti senza l\u2019uso (o comunque minimo) di tecnologia, di coadiuvanti chimici e con piccole aggiunte di conservanti soltanto all\u2019imbottigliamento.<\/p>\n<p>LA VIGNA:<br \/>\n&#8220;La superficie vitata \u00e8 di circa 4 ettari coltivati prevalentemente a Freisa, con appezzamenti di Malvasia (antico vitigno di Schierano) e di Barbera. Nelle vigne regna il verde. Da sempre facciamo l&#8217;inerbimento per evitare il dilavamento e l&#8217;erosione del terreno e molto utile per avere temperature pi\u00f9 basse nella stagione estiva. Questo ha portato negli anni ad avere la presenza costante di erbe spontanee, piante aromatiche, fiori e una vivacissima fauna. Vermi, uccelli e piccoli insetti sono in simbiosi con il microsistema della vigna. Per l&#8217;apporto di sostanza organica ci comportiamo in vari modi. Nelle annate in cui il clima lo consente facciamo il sovescio, ovvero seminiamo un miscuglio di leguminose che andremo ad interrare in primavera. Altre volte spandiamo nei filari del letame molto consumato.&#8221;<\/p>\n<p><a href=\"https:\/\/ilvinovero.it\/i-produttori\/ca-del-prete\/\">https:\/\/ilvinovero.it\/i-produttori\/ca-del-prete\/<\/a><\/p>\n<p><a href=\"https:\/\/www.vinobiologicocadelprete.it\/\">https:\/\/www.vinobiologicocadelprete.it\/<\/a><\/p>\n","protected":false},"excerpt":{"rendered":"<p><em><strong>Tipologia<\/strong><\/em> Rosso<br \/>\n<em><strong>Regione<\/strong><\/em> Piemonte<br \/>\n<em><strong>Comune<\/strong><\/em> Pino d&#8217;Asti<br \/>\n<em><strong>Vitigno <\/strong><\/em>uve a bacca rossa autoctone piemontesi<br \/>\n<em><strong>Lieviti<\/strong><\/em> Indigeni<br \/>\n<em><strong>Affinamento<\/strong><\/em>\u00a0 Acciaio<br \/>\n<em><strong>Grado alcolico\u00a0<\/strong><\/em>12%<br \/>\n<em><strong>Formato<\/strong><\/em> 0,75l<br \/>\nContiene solfiti &#8211; Prodotto in Italia<br \/>\nL&#8217;immagine \u00e8 puramente indicativa e potrebbe non rispecchiare appieno le caratteristiche del prodotto<\/p>\n","protected":false},"featured_media":8534,"comment_status":"open","ping_status":"closed","template":"","meta":[],"product_cat":[61],"product_tag":[1152,1025,733,203,243,97,77,1180,66],"class_list":{"0":"post-8533","1":"product","2":"type-product","3":"status-publish","4":"has-post-thumbnail","6":"product_brand-ca-del-prete","7":"product_vitigni-gli-indescrivibili","8":"product_cat-vino-rosso","9":"product_tag-1152","10":"product_tag-ca-del-prete","11":"product_tag-grignolino","12":"product_tag-monferrato","13":"product_tag-naturale","14":"product_tag-piemonte","15":"product_tag-rosso","16":"product_tag-ti-diro","17":"product_tag-vino-2","19":"first","20":"instock","21":"taxable","22":"shipping-taxable","23":"purchasable","24":"product-type-simple"},"yoast_head":"<!-- This site is optimized with the Yoast SEO plugin v27.3 - https:\/\/yoast.com\/product\/yoast-seo-wordpress\/ -->\n<title>Ti Dir\u00f2 Ca&#039; del Prete<\/title>\n<meta name=\"description\" content=\"Ti Dir\u00f2, rosso, Pino d&#039;Asti, uve a bacca rossa autoctone piemontesi, Lieviti, Indigeni, Affinamento\u00a0 Acciaio, Grado alcolico\u00a012%.\" \/>\n<meta name=\"robots\" content=\"index, follow, max-snippet:-1, max-image-preview:large, max-video-preview:-1\" \/>\n<link rel=\"canonical\" href=\"https:\/\/ilvinovero.it\/enoteca\/ti-diro\/\" \/>\n<meta property=\"og:locale\" content=\"en_US\" \/>\n<meta property=\"og:type\" content=\"article\" \/>\n<meta property=\"og:title\" content=\"Ti Dir\u00f2 Ca&#039; del Prete\" \/>\n<meta property=\"og:description\" content=\"Ti Dir\u00f2, rosso, Pino d&#039;Asti, uve a bacca rossa autoctone piemontesi, Lieviti, Indigeni, Affinamento\u00a0 Acciaio, Grado alcolico\u00a012%.\" \/>\n<meta property=\"og:url\" content=\"https:\/\/ilvinovero.it\/enoteca\/ti-diro\/\" \/>\n<meta property=\"og:site_name\" content=\"Il Vino Vero\" \/>\n<meta property=\"article:modified_time\" content=\"2026-03-30T09:35:53+00:00\" \/>\n<meta property=\"og:image\" content=\"https:\/\/ilvinovero.it\/wp-content\/uploads\/2025\/11\/ca-del-prete-ti-diro.jpg\" \/>\n\t<meta property=\"og:image:width\" content=\"800\" \/>\n\t<meta property=\"og:image:height\" content=\"800\" \/>\n\t<meta property=\"og:image:type\" content=\"image\/jpeg\" \/>\n<meta name=\"twitter:card\" content=\"summary_large_image\" \/>\n<meta name=\"twitter:label1\" content=\"Est. reading time\" \/>\n\t<meta name=\"twitter:data1\" content=\"2 minutes\" \/>\n<script type=\"application\/ld+json\" class=\"yoast-schema-graph\">{\"@context\":\"https:\\\/\\\/schema.org\",\"@graph\":[{\"@type\":\"WebPage\",\"@id\":\"https:\\\/\\\/ilvinovero.it\\\/enoteca\\\/ti-diro\\\/\",\"url\":\"https:\\\/\\\/ilvinovero.it\\\/enoteca\\\/ti-diro\\\/\",\"name\":\"Ti Dir\u00f2 Ca' del Prete\",\"isPartOf\":{\"@id\":\"https:\\\/\\\/ilvinovero.it\\\/#website\"},\"primaryImageOfPage\":{\"@id\":\"https:\\\/\\\/ilvinovero.it\\\/enoteca\\\/ti-diro\\\/#primaryimage\"},\"image\":{\"@id\":\"https:\\\/\\\/ilvinovero.it\\\/enoteca\\\/ti-diro\\\/#primaryimage\"},\"thumbnailUrl\":\"https:\\\/\\\/ilvinovero.it\\\/wp-content\\\/uploads\\\/2025\\\/11\\\/ca-del-prete-ti-diro.jpg\",\"datePublished\":\"2025-11-27T08:48:28+00:00\",\"dateModified\":\"2026-03-30T09:35:53+00:00\",\"description\":\"Ti Dir\u00f2, rosso, Pino d'Asti, uve a bacca rossa autoctone piemontesi, Lieviti, Indigeni, Affinamento\u00a0 Acciaio, Grado alcolico\u00a012%.\",\"breadcrumb\":{\"@id\":\"https:\\\/\\\/ilvinovero.it\\\/enoteca\\\/ti-diro\\\/#breadcrumb\"},\"inLanguage\":\"en-US\",\"potentialAction\":[{\"@type\":\"ReadAction\",\"target\":[\"https:\\\/\\\/ilvinovero.it\\\/enoteca\\\/ti-diro\\\/\"]}]},{\"@type\":\"ImageObject\",\"inLanguage\":\"en-US\",\"@id\":\"https:\\\/\\\/ilvinovero.it\\\/enoteca\\\/ti-diro\\\/#primaryimage\",\"url\":\"https:\\\/\\\/ilvinovero.it\\\/wp-content\\\/uploads\\\/2025\\\/11\\\/ca-del-prete-ti-diro.jpg\",\"contentUrl\":\"https:\\\/\\\/ilvinovero.it\\\/wp-content\\\/uploads\\\/2025\\\/11\\\/ca-del-prete-ti-diro.jpg\",\"width\":800,\"height\":800,\"caption\":\"ca-del-prete-ti-dir\u00f2\"},{\"@type\":\"BreadcrumbList\",\"@id\":\"https:\\\/\\\/ilvinovero.it\\\/enoteca\\\/ti-diro\\\/#breadcrumb\",\"itemListElement\":[{\"@type\":\"ListItem\",\"position\":1,\"name\":\"Home\",\"item\":\"https:\\\/\\\/ilvinovero.it\\\/en\\\/\"},{\"@type\":\"ListItem\",\"position\":2,\"name\":\"Shop\",\"item\":\"https:\\\/\\\/ilvinovero.it\\\/en\\\/the-shop\\\/\"},{\"@type\":\"ListItem\",\"position\":3,\"name\":\"Ti Dir\u00f2\"}]},{\"@type\":\"WebSite\",\"@id\":\"https:\\\/\\\/ilvinovero.it\\\/#website\",\"url\":\"https:\\\/\\\/ilvinovero.it\\\/\",\"name\":\"Il Vino Vero\",\"description\":\"Qualit&agrave; e gusto\",\"potentialAction\":[{\"@type\":\"SearchAction\",\"target\":{\"@type\":\"EntryPoint\",\"urlTemplate\":\"https:\\\/\\\/ilvinovero.it\\\/?s={search_term_string}\"},\"query-input\":{\"@type\":\"PropertyValueSpecification\",\"valueRequired\":true,\"valueName\":\"search_term_string\"}}],\"inLanguage\":\"en-US\"}]}<\/script>\n<!-- \/ Yoast SEO plugin. -->","yoast_head_json":{"title":"Ti Dir\u00f2 Ca' del Prete","description":"Ti Dir\u00f2, rosso, Pino d'Asti, uve a bacca rossa autoctone piemontesi, Lieviti, Indigeni, Affinamento\u00a0 Acciaio, Grado alcolico\u00a012%.","robots":{"index":"index","follow":"follow","max-snippet":"max-snippet:-1","max-image-preview":"max-image-preview:large","max-video-preview":"max-video-preview:-1"},"canonical":"https:\/\/ilvinovero.it\/enoteca\/ti-diro\/","og_locale":"en_US","og_type":"article","og_title":"Ti Dir\u00f2 Ca' del Prete","og_description":"Ti Dir\u00f2, rosso, Pino d'Asti, uve a bacca rossa autoctone piemontesi, Lieviti, Indigeni, Affinamento\u00a0 Acciaio, Grado alcolico\u00a012%.","og_url":"https:\/\/ilvinovero.it\/enoteca\/ti-diro\/","og_site_name":"Il Vino Vero","article_modified_time":"2026-03-30T09:35:53+00:00","og_image":[{"width":800,"height":800,"url":"https:\/\/ilvinovero.it\/wp-content\/uploads\/2025\/11\/ca-del-prete-ti-diro.jpg","type":"image\/jpeg"}],"twitter_card":"summary_large_image","twitter_misc":{"Est. reading time":"2 minutes"},"schema":{"@context":"https:\/\/schema.org","@graph":[{"@type":"WebPage","@id":"https:\/\/ilvinovero.it\/enoteca\/ti-diro\/","url":"https:\/\/ilvinovero.it\/enoteca\/ti-diro\/","name":"Ti Dir\u00f2 Ca' del Prete","isPartOf":{"@id":"https:\/\/ilvinovero.it\/#website"},"primaryImageOfPage":{"@id":"https:\/\/ilvinovero.it\/enoteca\/ti-diro\/#primaryimage"},"image":{"@id":"https:\/\/ilvinovero.it\/enoteca\/ti-diro\/#primaryimage"},"thumbnailUrl":"https:\/\/ilvinovero.it\/wp-content\/uploads\/2025\/11\/ca-del-prete-ti-diro.jpg","datePublished":"2025-11-27T08:48:28+00:00","dateModified":"2026-03-30T09:35:53+00:00","description":"Ti Dir\u00f2, rosso, Pino d'Asti, uve a bacca rossa autoctone piemontesi, Lieviti, Indigeni, Affinamento\u00a0 Acciaio, Grado alcolico\u00a012%.","breadcrumb":{"@id":"https:\/\/ilvinovero.it\/enoteca\/ti-diro\/#breadcrumb"},"inLanguage":"en-US","potentialAction":[{"@type":"ReadAction","target":["https:\/\/ilvinovero.it\/enoteca\/ti-diro\/"]}]},{"@type":"ImageObject","inLanguage":"en-US","@id":"https:\/\/ilvinovero.it\/enoteca\/ti-diro\/#primaryimage","url":"https:\/\/ilvinovero.it\/wp-content\/uploads\/2025\/11\/ca-del-prete-ti-diro.jpg","contentUrl":"https:\/\/ilvinovero.it\/wp-content\/uploads\/2025\/11\/ca-del-prete-ti-diro.jpg","width":800,"height":800,"caption":"ca-del-prete-ti-dir\u00f2"},{"@type":"BreadcrumbList","@id":"https:\/\/ilvinovero.it\/enoteca\/ti-diro\/#breadcrumb","itemListElement":[{"@type":"ListItem","position":1,"name":"Home","item":"https:\/\/ilvinovero.it\/en\/"},{"@type":"ListItem","position":2,"name":"Shop","item":"https:\/\/ilvinovero.it\/en\/the-shop\/"},{"@type":"ListItem","position":3,"name":"Ti Dir\u00f2"}]},{"@type":"WebSite","@id":"https:\/\/ilvinovero.it\/#website","url":"https:\/\/ilvinovero.it\/","name":"Il Vino Vero","description":"Qualit&agrave; e gusto","potentialAction":[{"@type":"SearchAction","target":{"@type":"EntryPoint","urlTemplate":"https:\/\/ilvinovero.it\/?s={search_term_string}"},"query-input":{"@type":"PropertyValueSpecification","valueRequired":true,"valueName":"search_term_string"}}],"inLanguage":"en-US"}]}},"_links":{"self":[{"href":"https:\/\/ilvinovero.it\/en\/wp-json\/wp\/v2\/product\/8533","targetHints":{"allow":["GET"]}}],"collection":[{"href":"https:\/\/ilvinovero.it\/en\/wp-json\/wp\/v2\/product"}],"about":[{"href":"https:\/\/ilvinovero.it\/en\/wp-json\/wp\/v2\/types\/product"}],"replies":[{"embeddable":true,"href":"https:\/\/ilvinovero.it\/en\/wp-json\/wp\/v2\/comments?post=8533"}],"wp:featuredmedia":[{"embeddable":true,"href":"https:\/\/ilvinovero.it\/en\/wp-json\/wp\/v2\/media\/8534"}],"wp:attachment":[{"href":"https:\/\/ilvinovero.it\/en\/wp-json\/wp\/v2\/media?parent=8533"}],"wp:term":[{"taxonomy":"product_cat","embeddable":true,"href":"https:\/\/ilvinovero.it\/en\/wp-json\/wp\/v2\/product_cat?post=8533"},{"taxonomy":"product_tag","embeddable":true,"href":"https:\/\/ilvinovero.it\/en\/wp-json\/wp\/v2\/product_tag?post=8533"}],"curies":[{"name":"wp","href":"https:\/\/api.w.org\/{rel}","templated":true}]}}